{"id":51680,"date":"2022-04-05T15:04:48","date_gmt":"2022-04-05T13:04:48","guid":{"rendered":"https:\/\/www.ablshop.it\/?post_type=product&#038;p=51680"},"modified":"2022-04-05T15:06:22","modified_gmt":"2022-04-05T13:06:22","slug":"carina","status":"publish","type":"product","link":"https:\/\/www.ablshop.it\/en\/product\/carina\/","title":{"rendered":"CARINA"},"content":{"rendered":"<p>D<\/p>\n","protected":false},"excerpt":{"rendered":"<p>Borsa a mano in vera pelle made in Italy. Si chiude con clip, l&#8217;interno \u00e8 foderato e sono presenti tasche porta oggetti e porta cellulare. La borsa \u00e8 munita di tracolla cos\u00ec da poterla indossare anche cross body.<\/p>\n","protected":false},"featured_media":51720,"template":"","meta":{"_acf_changed":false},"product_brand":[],"product_cat":[184,196,183,182,320],"product_tag":[],"class_list":{"0":"post-51680","1":"product","2":"type-product","3":"status-publish","4":"has-post-thumbnail","6":"product_cat-borse-a-mano","7":"product_cat-borse-a-spalla","8":"product_cat-borse-pelle","9":"product_cat-donna","10":"product_cat-promozioni","13":"first","14":"instock","15":"sale","16":"taxable","17":"shipping-taxable","18":"purchasable","19":"product-type-variable","20":"rtwpvg-product"},"acf":[],"yoast_head":"<!-- This site is optimized with the Yoast SEO plugin v27.2 - https:\/\/yoast.com\/product\/yoast-seo-wordpress\/ -->\n<title>CARINA - ABL Group<\/title>\n<meta name=\"robots\" content=\"index, follow, max-snippet:-1, max-image-preview:large, max-video-preview:-1\" \/>\n<link rel=\"canonical\" href=\"https:\/\/www.ablshop.it\/en\/product\/carina\/\" \/>\n<meta property=\"og:locale\" content=\"en_US\" \/>\n<meta property=\"og:type\" content=\"article\" \/>\n<meta property=\"og:title\" content=\"CARINA - ABL Group\" \/>\n<meta property=\"og:description\" content=\"Borsa a mano in vera pelle made in Italy. Si chiude con clip, l&#039;interno \u00e8 foderato e sono presenti tasche porta oggetti e porta cellulare. La borsa \u00e8 munita di tracolla cos\u00ec da poterla indossare anche cross body.\" \/>\n<meta property=\"og:url\" content=\"https:\/\/www.ablshop.it\/en\/product\/carina\/\" \/>\n<meta property=\"og:site_name\" content=\"ABL Group\" \/>\n<meta property=\"article:modified_time\" content=\"2022-04-05T13:06:22+00:00\" \/>\n<meta property=\"og:image\" content=\"https:\/\/www.ablshop.it\/wp-content\/uploads\/2022\/04\/img_2D_0025-1.jpg\" \/>\n\t<meta property=\"og:image:width\" content=\"2362\" \/>\n\t<meta property=\"og:image:height\" content=\"2362\" \/>\n\t<meta property=\"og:image:type\" content=\"image\/jpeg\" \/>\n<meta name=\"twitter:card\" content=\"summary_large_image\" \/>\n<meta name=\"twitter:label1\" content=\"Est. reading time\" \/>\n\t<meta name=\"twitter:data1\" content=\"1 minute\" \/>\n<script type=\"application\/ld+json\" class=\"yoast-schema-graph\">{\"@context\":\"https:\/\/schema.org\",\"@graph\":[{\"@type\":\"WebPage\",\"@id\":\"https:\/\/www.ablshop.it\/en\/product\/carina\/\",\"url\":\"https:\/\/www.ablshop.it\/en\/product\/carina\/\",\"name\":\"CARINA - ABL Group\",\"isPartOf\":{\"@id\":\"https:\/\/www.ablshop.it\/en\/#website\"},\"primaryImageOfPage\":{\"@id\":\"https:\/\/www.ablshop.it\/en\/product\/carina\/#primaryimage\"},\"image\":{\"@id\":\"https:\/\/www.ablshop.it\/en\/product\/carina\/#primaryimage\"},\"thumbnailUrl\":\"https:\/\/www.ablshop.it\/wp-content\/uploads\/2022\/04\/img_2D_0025-1.jpg\",\"datePublished\":\"2022-04-05T13:04:48+00:00\",\"dateModified\":\"2022-04-05T13:06:22+00:00\",\"breadcrumb\":{\"@id\":\"https:\/\/www.ablshop.it\/en\/product\/carina\/#breadcrumb\"},\"inLanguage\":\"en-US\",\"potentialAction\":[{\"@type\":\"ReadAction\",\"target\":[\"https:\/\/www.ablshop.it\/en\/product\/carina\/\"]}]},{\"@type\":\"ImageObject\",\"inLanguage\":\"en-US\",\"@id\":\"https:\/\/www.ablshop.it\/en\/product\/carina\/#primaryimage\",\"url\":\"https:\/\/www.ablshop.it\/wp-content\/uploads\/2022\/04\/img_2D_0025-1.jpg\",\"contentUrl\":\"https:\/\/www.ablshop.it\/wp-content\/uploads\/2022\/04\/img_2D_0025-1.jpg\",\"width\":2362,\"height\":2362},{\"@type\":\"BreadcrumbList\",\"@id\":\"https:\/\/www.ablshop.it\/en\/product\/carina\/#breadcrumb\",\"itemListElement\":[{\"@type\":\"ListItem\",\"position\":1,\"name\":\"Home\",\"item\":\"https:\/\/www.ablshop.it\/en\/?lang=en\"},{\"@type\":\"ListItem\",\"position\":2,\"name\":\"Shop\",\"item\":\"https:\/\/www.ablshop.it\/en\/shop-3\/\"},{\"@type\":\"ListItem\",\"position\":3,\"name\":\"CARINA\"}]},{\"@type\":\"WebSite\",\"@id\":\"https:\/\/www.ablshop.it\/en\/#website\",\"url\":\"https:\/\/www.ablshop.it\/en\/\",\"name\":\"ABL Group\",\"description\":\"\",\"potentialAction\":[{\"@type\":\"SearchAction\",\"target\":{\"@type\":\"EntryPoint\",\"urlTemplate\":\"https:\/\/www.ablshop.it\/en\/?s={search_term_string}\"},\"query-input\":{\"@type\":\"PropertyValueSpecification\",\"valueRequired\":true,\"valueName\":\"search_term_string\"}}],\"inLanguage\":\"en-US\"}]}<\/script>\n<!-- \/ Yoast SEO plugin. -->","yoast_head_json":{"title":"CARINA - ABL Group","robots":{"index":"index","follow":"follow","max-snippet":"max-snippet:-1","max-image-preview":"max-image-preview:large","max-video-preview":"max-video-preview:-1"},"canonical":"https:\/\/www.ablshop.it\/en\/product\/carina\/","og_locale":"en_US","og_type":"article","og_title":"CARINA - ABL Group","og_description":"Borsa a mano in vera pelle made in Italy. Si chiude con clip, l'interno \u00e8 foderato e sono presenti tasche porta oggetti e porta cellulare. La borsa \u00e8 munita di tracolla cos\u00ec da poterla indossare anche cross body.","og_url":"https:\/\/www.ablshop.it\/en\/product\/carina\/","og_site_name":"ABL Group","article_modified_time":"2022-04-05T13:06:22+00:00","og_image":[{"width":2362,"height":2362,"url":"https:\/\/www.ablshop.it\/wp-content\/uploads\/2022\/04\/img_2D_0025-1.jpg","type":"image\/jpeg"}],"twitter_card":"summary_large_image","twitter_misc":{"Est. reading time":"1 minute"},"schema":{"@context":"https:\/\/schema.org","@graph":[{"@type":"WebPage","@id":"https:\/\/www.ablshop.it\/en\/product\/carina\/","url":"https:\/\/www.ablshop.it\/en\/product\/carina\/","name":"CARINA - ABL Group","isPartOf":{"@id":"https:\/\/www.ablshop.it\/en\/#website"},"primaryImageOfPage":{"@id":"https:\/\/www.ablshop.it\/en\/product\/carina\/#primaryimage"},"image":{"@id":"https:\/\/www.ablshop.it\/en\/product\/carina\/#primaryimage"},"thumbnailUrl":"https:\/\/www.ablshop.it\/wp-content\/uploads\/2022\/04\/img_2D_0025-1.jpg","datePublished":"2022-04-05T13:04:48+00:00","dateModified":"2022-04-05T13:06:22+00:00","breadcrumb":{"@id":"https:\/\/www.ablshop.it\/en\/product\/carina\/#breadcrumb"},"inLanguage":"en-US","potentialAction":[{"@type":"ReadAction","target":["https:\/\/www.ablshop.it\/en\/product\/carina\/"]}]},{"@type":"ImageObject","inLanguage":"en-US","@id":"https:\/\/www.ablshop.it\/en\/product\/carina\/#primaryimage","url":"https:\/\/www.ablshop.it\/wp-content\/uploads\/2022\/04\/img_2D_0025-1.jpg","contentUrl":"https:\/\/www.ablshop.it\/wp-content\/uploads\/2022\/04\/img_2D_0025-1.jpg","width":2362,"height":2362},{"@type":"BreadcrumbList","@id":"https:\/\/www.ablshop.it\/en\/product\/carina\/#breadcrumb","itemListElement":[{"@type":"ListItem","position":1,"name":"Home","item":"https:\/\/www.ablshop.it\/en\/?lang=en"},{"@type":"ListItem","position":2,"name":"Shop","item":"https:\/\/www.ablshop.it\/en\/shop-3\/"},{"@type":"ListItem","position":3,"name":"CARINA"}]},{"@type":"WebSite","@id":"https:\/\/www.ablshop.it\/en\/#website","url":"https:\/\/www.ablshop.it\/en\/","name":"ABL Group","description":"","potentialAction":[{"@type":"SearchAction","target":{"@type":"EntryPoint","urlTemplate":"https:\/\/www.ablshop.it\/en\/?s={search_term_string}"},"query-input":{"@type":"PropertyValueSpecification","valueRequired":true,"valueName":"search_term_string"}}],"inLanguage":"en-US"}]}},"_links":{"self":[{"href":"https:\/\/www.ablshop.it\/en\/wp-json\/wp\/v2\/product\/51680","targetHints":{"allow":["GET"]}}],"collection":[{"href":"https:\/\/www.ablshop.it\/en\/wp-json\/wp\/v2\/product"}],"about":[{"href":"https:\/\/www.ablshop.it\/en\/wp-json\/wp\/v2\/types\/product"}],"wp:featuredmedia":[{"embeddable":true,"href":"https:\/\/www.ablshop.it\/en\/wp-json\/wp\/v2\/media\/51720"}],"wp:attachment":[{"href":"https:\/\/www.ablshop.it\/en\/wp-json\/wp\/v2\/media?parent=51680"}],"wp:term":[{"taxonomy":"product_brand","embeddable":true,"href":"https:\/\/www.ablshop.it\/en\/wp-json\/wp\/v2\/product_brand?post=51680"},{"taxonomy":"product_cat","embeddable":true,"href":"https:\/\/www.ablshop.it\/en\/wp-json\/wp\/v2\/product_cat?post=51680"},{"taxonomy":"product_tag","embeddable":true,"href":"https:\/\/www.ablshop.it\/en\/wp-json\/wp\/v2\/product_tag?post=51680"}],"curies":[{"name":"wp","href":"https:\/\/api.w.org\/{rel}","templated":true}]}}