{"id":48357,"date":"2022-03-07T14:54:18","date_gmt":"2022-03-07T13:54:18","guid":{"rendered":"https:\/\/www.ablshop.it\/?post_type=product&#038;p=48357"},"modified":"2022-03-07T15:13:47","modified_gmt":"2022-03-07T14:13:47","slug":"tecla","status":"publish","type":"product","link":"https:\/\/www.ablshop.it\/en\/product\/tecla\/","title":{"rendered":"TECLA"},"content":{"rendered":"<p>a<\/p>\n","protected":false},"excerpt":{"rendered":"<p>Borsa in vera pelle a spalla, a doppia portabilit\u00e0 grazie alla tracolla allungabile di cui \u00e8 dotata . chiusura con zip metallica, la borsa \u00e8 dotata di 3 ampie tasche.<\/p>\n<ul>\n<li>borsa in vera pelle<\/li>\n<li>3 scomparti<\/li>\n<li>tracolla allungabile<\/li>\n<\/ul>\n","protected":false},"featured_media":48363,"template":"","meta":{"_acf_changed":false},"product_brand":[],"product_cat":[196,278,183,182,321],"product_tag":[],"class_list":{"0":"post-48357","1":"product","2":"type-product","3":"status-publish","4":"has-post-thumbnail","6":"product_cat-borse-a-spalla","7":"product_cat-borse-a-tracolla","8":"product_cat-borse-pelle","9":"product_cat-donna","10":"product_cat-nuovi-arrivi","13":"first","14":"instock","15":"taxable","16":"shipping-taxable","17":"purchasable","18":"product-type-variable","19":"rtwpvg-product"},"acf":[],"yoast_head":"<!-- This site is optimized with the Yoast SEO plugin v27.2 - https:\/\/yoast.com\/product\/yoast-seo-wordpress\/ -->\n<title>TECLA - ABL Group<\/title>\n<meta name=\"robots\" content=\"index, follow, max-snippet:-1, max-image-preview:large, max-video-preview:-1\" \/>\n<link rel=\"canonical\" href=\"https:\/\/www.ablshop.it\/en\/product\/tecla\/\" \/>\n<meta property=\"og:locale\" content=\"en_US\" \/>\n<meta property=\"og:type\" content=\"article\" \/>\n<meta property=\"og:title\" content=\"TECLA - ABL Group\" \/>\n<meta property=\"og:description\" content=\"Borsa in vera pelle a spalla, a doppia portabilit\u00e0 grazie alla tracolla allungabile di cui \u00e8 dotata . chiusura con zip metallica, la borsa \u00e8 dotata di 3 ampie tasche.   borsa in vera pelle  3 scomparti  tracolla allungabile\" \/>\n<meta property=\"og:url\" content=\"https:\/\/www.ablshop.it\/en\/product\/tecla\/\" \/>\n<meta property=\"og:site_name\" content=\"ABL Group\" \/>\n<meta property=\"article:modified_time\" content=\"2022-03-07T14:13:47+00:00\" \/>\n<meta property=\"og:image\" content=\"https:\/\/www.ablshop.it\/wp-content\/uploads\/2022\/03\/img_2D_0010-1.jpg\" \/>\n\t<meta property=\"og:image:width\" content=\"2362\" \/>\n\t<meta property=\"og:image:height\" content=\"2362\" \/>\n\t<meta property=\"og:image:type\" content=\"image\/jpeg\" \/>\n<meta name=\"twitter:card\" content=\"summary_large_image\" \/>\n<meta name=\"twitter:label1\" content=\"Est. reading time\" \/>\n\t<meta name=\"twitter:data1\" content=\"1 minute\" \/>\n<script type=\"application\/ld+json\" class=\"yoast-schema-graph\">{\"@context\":\"https:\/\/schema.org\",\"@graph\":[{\"@type\":\"WebPage\",\"@id\":\"https:\/\/www.ablshop.it\/en\/product\/tecla\/\",\"url\":\"https:\/\/www.ablshop.it\/en\/product\/tecla\/\",\"name\":\"TECLA - ABL Group\",\"isPartOf\":{\"@id\":\"https:\/\/www.ablshop.it\/en\/#website\"},\"primaryImageOfPage\":{\"@id\":\"https:\/\/www.ablshop.it\/en\/product\/tecla\/#primaryimage\"},\"image\":{\"@id\":\"https:\/\/www.ablshop.it\/en\/product\/tecla\/#primaryimage\"},\"thumbnailUrl\":\"https:\/\/www.ablshop.it\/wp-content\/uploads\/2022\/03\/img_2D_0010-1.jpg\",\"datePublished\":\"2022-03-07T13:54:18+00:00\",\"dateModified\":\"2022-03-07T14:13:47+00:00\",\"breadcrumb\":{\"@id\":\"https:\/\/www.ablshop.it\/en\/product\/tecla\/#breadcrumb\"},\"inLanguage\":\"en-US\",\"potentialAction\":[{\"@type\":\"ReadAction\",\"target\":[\"https:\/\/www.ablshop.it\/en\/product\/tecla\/\"]}]},{\"@type\":\"ImageObject\",\"inLanguage\":\"en-US\",\"@id\":\"https:\/\/www.ablshop.it\/en\/product\/tecla\/#primaryimage\",\"url\":\"https:\/\/www.ablshop.it\/wp-content\/uploads\/2022\/03\/img_2D_0010-1.jpg\",\"contentUrl\":\"https:\/\/www.ablshop.it\/wp-content\/uploads\/2022\/03\/img_2D_0010-1.jpg\",\"width\":2362,\"height\":2362},{\"@type\":\"BreadcrumbList\",\"@id\":\"https:\/\/www.ablshop.it\/en\/product\/tecla\/#breadcrumb\",\"itemListElement\":[{\"@type\":\"ListItem\",\"position\":1,\"name\":\"Home\",\"item\":\"https:\/\/www.ablshop.it\/en\/?lang=en\"},{\"@type\":\"ListItem\",\"position\":2,\"name\":\"Shop\",\"item\":\"https:\/\/www.ablshop.it\/en\/shop-3\/\"},{\"@type\":\"ListItem\",\"position\":3,\"name\":\"TECLA\"}]},{\"@type\":\"WebSite\",\"@id\":\"https:\/\/www.ablshop.it\/en\/#website\",\"url\":\"https:\/\/www.ablshop.it\/en\/\",\"name\":\"ABL Group\",\"description\":\"\",\"potentialAction\":[{\"@type\":\"SearchAction\",\"target\":{\"@type\":\"EntryPoint\",\"urlTemplate\":\"https:\/\/www.ablshop.it\/en\/?s={search_term_string}\"},\"query-input\":{\"@type\":\"PropertyValueSpecification\",\"valueRequired\":true,\"valueName\":\"search_term_string\"}}],\"inLanguage\":\"en-US\"}]}<\/script>\n<!-- \/ Yoast SEO plugin. -->","yoast_head_json":{"title":"TECLA - ABL Group","robots":{"index":"index","follow":"follow","max-snippet":"max-snippet:-1","max-image-preview":"max-image-preview:large","max-video-preview":"max-video-preview:-1"},"canonical":"https:\/\/www.ablshop.it\/en\/product\/tecla\/","og_locale":"en_US","og_type":"article","og_title":"TECLA - ABL Group","og_description":"Borsa in vera pelle a spalla, a doppia portabilit\u00e0 grazie alla tracolla allungabile di cui \u00e8 dotata . chiusura con zip metallica, la borsa \u00e8 dotata di 3 ampie tasche.   borsa in vera pelle  3 scomparti  tracolla allungabile","og_url":"https:\/\/www.ablshop.it\/en\/product\/tecla\/","og_site_name":"ABL Group","article_modified_time":"2022-03-07T14:13:47+00:00","og_image":[{"width":2362,"height":2362,"url":"https:\/\/www.ablshop.it\/wp-content\/uploads\/2022\/03\/img_2D_0010-1.jpg","type":"image\/jpeg"}],"twitter_card":"summary_large_image","twitter_misc":{"Est. reading time":"1 minute"},"schema":{"@context":"https:\/\/schema.org","@graph":[{"@type":"WebPage","@id":"https:\/\/www.ablshop.it\/en\/product\/tecla\/","url":"https:\/\/www.ablshop.it\/en\/product\/tecla\/","name":"TECLA - ABL Group","isPartOf":{"@id":"https:\/\/www.ablshop.it\/en\/#website"},"primaryImageOfPage":{"@id":"https:\/\/www.ablshop.it\/en\/product\/tecla\/#primaryimage"},"image":{"@id":"https:\/\/www.ablshop.it\/en\/product\/tecla\/#primaryimage"},"thumbnailUrl":"https:\/\/www.ablshop.it\/wp-content\/uploads\/2022\/03\/img_2D_0010-1.jpg","datePublished":"2022-03-07T13:54:18+00:00","dateModified":"2022-03-07T14:13:47+00:00","breadcrumb":{"@id":"https:\/\/www.ablshop.it\/en\/product\/tecla\/#breadcrumb"},"inLanguage":"en-US","potentialAction":[{"@type":"ReadAction","target":["https:\/\/www.ablshop.it\/en\/product\/tecla\/"]}]},{"@type":"ImageObject","inLanguage":"en-US","@id":"https:\/\/www.ablshop.it\/en\/product\/tecla\/#primaryimage","url":"https:\/\/www.ablshop.it\/wp-content\/uploads\/2022\/03\/img_2D_0010-1.jpg","contentUrl":"https:\/\/www.ablshop.it\/wp-content\/uploads\/2022\/03\/img_2D_0010-1.jpg","width":2362,"height":2362},{"@type":"BreadcrumbList","@id":"https:\/\/www.ablshop.it\/en\/product\/tecla\/#breadcrumb","itemListElement":[{"@type":"ListItem","position":1,"name":"Home","item":"https:\/\/www.ablshop.it\/en\/?lang=en"},{"@type":"ListItem","position":2,"name":"Shop","item":"https:\/\/www.ablshop.it\/en\/shop-3\/"},{"@type":"ListItem","position":3,"name":"TECLA"}]},{"@type":"WebSite","@id":"https:\/\/www.ablshop.it\/en\/#website","url":"https:\/\/www.ablshop.it\/en\/","name":"ABL Group","description":"","potentialAction":[{"@type":"SearchAction","target":{"@type":"EntryPoint","urlTemplate":"https:\/\/www.ablshop.it\/en\/?s={search_term_string}"},"query-input":{"@type":"PropertyValueSpecification","valueRequired":true,"valueName":"search_term_string"}}],"inLanguage":"en-US"}]}},"_links":{"self":[{"href":"https:\/\/www.ablshop.it\/en\/wp-json\/wp\/v2\/product\/48357","targetHints":{"allow":["GET"]}}],"collection":[{"href":"https:\/\/www.ablshop.it\/en\/wp-json\/wp\/v2\/product"}],"about":[{"href":"https:\/\/www.ablshop.it\/en\/wp-json\/wp\/v2\/types\/product"}],"wp:featuredmedia":[{"embeddable":true,"href":"https:\/\/www.ablshop.it\/en\/wp-json\/wp\/v2\/media\/48363"}],"wp:attachment":[{"href":"https:\/\/www.ablshop.it\/en\/wp-json\/wp\/v2\/media?parent=48357"}],"wp:term":[{"taxonomy":"product_brand","embeddable":true,"href":"https:\/\/www.ablshop.it\/en\/wp-json\/wp\/v2\/product_brand?post=48357"},{"taxonomy":"product_cat","embeddable":true,"href":"https:\/\/www.ablshop.it\/en\/wp-json\/wp\/v2\/product_cat?post=48357"},{"taxonomy":"product_tag","embeddable":true,"href":"https:\/\/www.ablshop.it\/en\/wp-json\/wp\/v2\/product_tag?post=48357"}],"curies":[{"name":"wp","href":"https:\/\/api.w.org\/{rel}","templated":true}]}}