{"id":47363,"date":"2022-02-08T18:26:51","date_gmt":"2022-02-08T17:26:51","guid":{"rendered":"https:\/\/www.ablshop.it\/?post_type=product&#038;p=47363"},"modified":"2022-02-14T11:05:54","modified_gmt":"2022-02-14T10:05:54","slug":"s5-nelly-small","status":"publish","type":"product","link":"https:\/\/www.ablshop.it\/en\/product\/s5-nelly-small\/","title":{"rendered":"S5.NELLY SMALL"},"content":{"rendered":"<p>.<\/p>\n","protected":false},"excerpt":{"rendered":"<p>Borsa in pelle made in Italy. La borsa \u00e8 trapuntata e la catena \u00e8 intrecciata con la pelle. Si pu\u00f2 portare sia a spalla sia crossbody. Chiusa con una patta e con una chiusura con calamita. Interno foderato dov&#8217;\u00e8 presente una tasca con zip portaoggetti\/cellulare.<\/p>\n","protected":false},"featured_media":47516,"template":"","meta":{"_acf_changed":false},"product_brand":[],"product_cat":[184,196,278,183,182,321],"product_tag":[],"class_list":{"0":"post-47363","1":"product","2":"type-product","3":"status-publish","4":"has-post-thumbnail","6":"product_cat-borse-a-mano","7":"product_cat-borse-a-spalla","8":"product_cat-borse-a-tracolla","9":"product_cat-borse-pelle","10":"product_cat-donna","11":"product_cat-nuovi-arrivi","14":"first","15":"instock","16":"taxable","17":"shipping-taxable","18":"purchasable","19":"product-type-variable","20":"rtwpvg-product"},"acf":[],"yoast_head":"<!-- This site is optimized with the Yoast SEO plugin v27.2 - https:\/\/yoast.com\/product\/yoast-seo-wordpress\/ -->\n<title>S5.NELLY SMALL - ABL Group<\/title>\n<meta name=\"robots\" content=\"index, follow, max-snippet:-1, max-image-preview:large, max-video-preview:-1\" \/>\n<link rel=\"canonical\" href=\"https:\/\/www.ablshop.it\/en\/product\/s5-nelly-small\/\" \/>\n<meta property=\"og:locale\" content=\"en_US\" \/>\n<meta property=\"og:type\" content=\"article\" \/>\n<meta property=\"og:title\" content=\"S5.NELLY SMALL - ABL Group\" \/>\n<meta property=\"og:description\" content=\"Borsa in pelle made in Italy. La borsa \u00e8 trapuntata e la catena \u00e8 intrecciata con la pelle. Si pu\u00f2 portare sia a spalla sia crossbody. Chiusa con una patta e con una chiusura con calamita. Interno foderato dov&#039;\u00e8 presente una tasca con zip portaoggetti\/cellulare.\" \/>\n<meta property=\"og:url\" content=\"https:\/\/www.ablshop.it\/en\/product\/s5-nelly-small\/\" \/>\n<meta property=\"og:site_name\" content=\"ABL Group\" \/>\n<meta property=\"article:modified_time\" content=\"2022-02-14T10:05:54+00:00\" \/>\n<meta property=\"og:image\" content=\"https:\/\/www.ablshop.it\/wp-content\/uploads\/2022\/02\/img_2D_0025_1.jpg\" \/>\n\t<meta property=\"og:image:width\" content=\"2362\" \/>\n\t<meta property=\"og:image:height\" content=\"2362\" \/>\n\t<meta property=\"og:image:type\" content=\"image\/jpeg\" \/>\n<meta name=\"twitter:card\" content=\"summary_large_image\" \/>\n<script type=\"application\/ld+json\" class=\"yoast-schema-graph\">{\"@context\":\"https:\/\/schema.org\",\"@graph\":[{\"@type\":\"WebPage\",\"@id\":\"https:\/\/www.ablshop.it\/en\/product\/s5-nelly-small\/\",\"url\":\"https:\/\/www.ablshop.it\/en\/product\/s5-nelly-small\/\",\"name\":\"S5.NELLY SMALL - ABL Group\",\"isPartOf\":{\"@id\":\"https:\/\/www.ablshop.it\/en\/#website\"},\"primaryImageOfPage\":{\"@id\":\"https:\/\/www.ablshop.it\/en\/product\/s5-nelly-small\/#primaryimage\"},\"image\":{\"@id\":\"https:\/\/www.ablshop.it\/en\/product\/s5-nelly-small\/#primaryimage\"},\"thumbnailUrl\":\"https:\/\/www.ablshop.it\/wp-content\/uploads\/2022\/02\/img_2D_0025_1.jpg\",\"datePublished\":\"2022-02-08T17:26:51+00:00\",\"dateModified\":\"2022-02-14T10:05:54+00:00\",\"breadcrumb\":{\"@id\":\"https:\/\/www.ablshop.it\/en\/product\/s5-nelly-small\/#breadcrumb\"},\"inLanguage\":\"en-US\",\"potentialAction\":[{\"@type\":\"ReadAction\",\"target\":[\"https:\/\/www.ablshop.it\/en\/product\/s5-nelly-small\/\"]}]},{\"@type\":\"ImageObject\",\"inLanguage\":\"en-US\",\"@id\":\"https:\/\/www.ablshop.it\/en\/product\/s5-nelly-small\/#primaryimage\",\"url\":\"https:\/\/www.ablshop.it\/wp-content\/uploads\/2022\/02\/img_2D_0025_1.jpg\",\"contentUrl\":\"https:\/\/www.ablshop.it\/wp-content\/uploads\/2022\/02\/img_2D_0025_1.jpg\",\"width\":2362,\"height\":2362},{\"@type\":\"BreadcrumbList\",\"@id\":\"https:\/\/www.ablshop.it\/en\/product\/s5-nelly-small\/#breadcrumb\",\"itemListElement\":[{\"@type\":\"ListItem\",\"position\":1,\"name\":\"Home\",\"item\":\"https:\/\/www.ablshop.it\/en\/?lang=en\"},{\"@type\":\"ListItem\",\"position\":2,\"name\":\"Shop\",\"item\":\"https:\/\/www.ablshop.it\/en\/shop-3\/\"},{\"@type\":\"ListItem\",\"position\":3,\"name\":\"S5.NELLY SMALL\"}]},{\"@type\":\"WebSite\",\"@id\":\"https:\/\/www.ablshop.it\/en\/#website\",\"url\":\"https:\/\/www.ablshop.it\/en\/\",\"name\":\"ABL Group\",\"description\":\"\",\"potentialAction\":[{\"@type\":\"SearchAction\",\"target\":{\"@type\":\"EntryPoint\",\"urlTemplate\":\"https:\/\/www.ablshop.it\/en\/?s={search_term_string}\"},\"query-input\":{\"@type\":\"PropertyValueSpecification\",\"valueRequired\":true,\"valueName\":\"search_term_string\"}}],\"inLanguage\":\"en-US\"}]}<\/script>\n<!-- \/ Yoast SEO plugin. -->","yoast_head_json":{"title":"S5.NELLY SMALL - ABL Group","robots":{"index":"index","follow":"follow","max-snippet":"max-snippet:-1","max-image-preview":"max-image-preview:large","max-video-preview":"max-video-preview:-1"},"canonical":"https:\/\/www.ablshop.it\/en\/product\/s5-nelly-small\/","og_locale":"en_US","og_type":"article","og_title":"S5.NELLY SMALL - ABL Group","og_description":"Borsa in pelle made in Italy. La borsa \u00e8 trapuntata e la catena \u00e8 intrecciata con la pelle. Si pu\u00f2 portare sia a spalla sia crossbody. Chiusa con una patta e con una chiusura con calamita. Interno foderato dov'\u00e8 presente una tasca con zip portaoggetti\/cellulare.","og_url":"https:\/\/www.ablshop.it\/en\/product\/s5-nelly-small\/","og_site_name":"ABL Group","article_modified_time":"2022-02-14T10:05:54+00:00","og_image":[{"width":2362,"height":2362,"url":"https:\/\/www.ablshop.it\/wp-content\/uploads\/2022\/02\/img_2D_0025_1.jpg","type":"image\/jpeg"}],"twitter_card":"summary_large_image","schema":{"@context":"https:\/\/schema.org","@graph":[{"@type":"WebPage","@id":"https:\/\/www.ablshop.it\/en\/product\/s5-nelly-small\/","url":"https:\/\/www.ablshop.it\/en\/product\/s5-nelly-small\/","name":"S5.NELLY SMALL - ABL Group","isPartOf":{"@id":"https:\/\/www.ablshop.it\/en\/#website"},"primaryImageOfPage":{"@id":"https:\/\/www.ablshop.it\/en\/product\/s5-nelly-small\/#primaryimage"},"image":{"@id":"https:\/\/www.ablshop.it\/en\/product\/s5-nelly-small\/#primaryimage"},"thumbnailUrl":"https:\/\/www.ablshop.it\/wp-content\/uploads\/2022\/02\/img_2D_0025_1.jpg","datePublished":"2022-02-08T17:26:51+00:00","dateModified":"2022-02-14T10:05:54+00:00","breadcrumb":{"@id":"https:\/\/www.ablshop.it\/en\/product\/s5-nelly-small\/#breadcrumb"},"inLanguage":"en-US","potentialAction":[{"@type":"ReadAction","target":["https:\/\/www.ablshop.it\/en\/product\/s5-nelly-small\/"]}]},{"@type":"ImageObject","inLanguage":"en-US","@id":"https:\/\/www.ablshop.it\/en\/product\/s5-nelly-small\/#primaryimage","url":"https:\/\/www.ablshop.it\/wp-content\/uploads\/2022\/02\/img_2D_0025_1.jpg","contentUrl":"https:\/\/www.ablshop.it\/wp-content\/uploads\/2022\/02\/img_2D_0025_1.jpg","width":2362,"height":2362},{"@type":"BreadcrumbList","@id":"https:\/\/www.ablshop.it\/en\/product\/s5-nelly-small\/#breadcrumb","itemListElement":[{"@type":"ListItem","position":1,"name":"Home","item":"https:\/\/www.ablshop.it\/en\/?lang=en"},{"@type":"ListItem","position":2,"name":"Shop","item":"https:\/\/www.ablshop.it\/en\/shop-3\/"},{"@type":"ListItem","position":3,"name":"S5.NELLY SMALL"}]},{"@type":"WebSite","@id":"https:\/\/www.ablshop.it\/en\/#website","url":"https:\/\/www.ablshop.it\/en\/","name":"ABL Group","description":"","potentialAction":[{"@type":"SearchAction","target":{"@type":"EntryPoint","urlTemplate":"https:\/\/www.ablshop.it\/en\/?s={search_term_string}"},"query-input":{"@type":"PropertyValueSpecification","valueRequired":true,"valueName":"search_term_string"}}],"inLanguage":"en-US"}]}},"_links":{"self":[{"href":"https:\/\/www.ablshop.it\/en\/wp-json\/wp\/v2\/product\/47363","targetHints":{"allow":["GET"]}}],"collection":[{"href":"https:\/\/www.ablshop.it\/en\/wp-json\/wp\/v2\/product"}],"about":[{"href":"https:\/\/www.ablshop.it\/en\/wp-json\/wp\/v2\/types\/product"}],"wp:featuredmedia":[{"embeddable":true,"href":"https:\/\/www.ablshop.it\/en\/wp-json\/wp\/v2\/media\/47516"}],"wp:attachment":[{"href":"https:\/\/www.ablshop.it\/en\/wp-json\/wp\/v2\/media?parent=47363"}],"wp:term":[{"taxonomy":"product_brand","embeddable":true,"href":"https:\/\/www.ablshop.it\/en\/wp-json\/wp\/v2\/product_brand?post=47363"},{"taxonomy":"product_cat","embeddable":true,"href":"https:\/\/www.ablshop.it\/en\/wp-json\/wp\/v2\/product_cat?post=47363"},{"taxonomy":"product_tag","embeddable":true,"href":"https:\/\/www.ablshop.it\/en\/wp-json\/wp\/v2\/product_tag?post=47363"}],"curies":[{"name":"wp","href":"https:\/\/api.w.org\/{rel}","templated":true}]}}