{"id":47347,"date":"2022-02-14T10:26:03","date_gmt":"2022-02-14T09:26:03","guid":{"rendered":"https:\/\/www.ablshop.it\/?post_type=product&#038;p=47347"},"modified":"2022-04-26T16:32:21","modified_gmt":"2022-04-26T14:32:21","slug":"sydney","status":"publish","type":"product","link":"https:\/\/www.ablshop.it\/en\/product\/sydney\/","title":{"rendered":"SYDNEY"},"content":{"rendered":"<p>.<\/p>\n","protected":false},"excerpt":{"rendered":"<p>Borsa a spalla fornita di tracolla allungabile e regolabile per essere portata anche crossbody. E&#8217; caratterizzata da una chiusura a zip con tira lampo in pelle, davanti ci \u00e8 inoltre una tasca dove c&#8217;\u00e8 il logo BRIGHT. All&#8217;interno la borsa \u00e8 interamente foderata, composta da due scomparti divisi da una tasca con zip. Sono presenti inoltre tasche portaoggetti e piccola tasca con zip.<\/p>\n","protected":false},"featured_media":47435,"template":"","meta":{"_acf_changed":false},"product_brand":[],"product_cat":[196,278,183,182,321],"product_tag":[],"class_list":{"0":"post-47347","1":"product","2":"type-product","3":"status-publish","4":"has-post-thumbnail","6":"product_cat-borse-a-spalla","7":"product_cat-borse-a-tracolla","8":"product_cat-borse-pelle","9":"product_cat-donna","10":"product_cat-nuovi-arrivi","13":"first","14":"instock","15":"taxable","16":"shipping-taxable","17":"purchasable","18":"product-type-variable","19":"rtwpvg-product"},"acf":[],"yoast_head":"<!-- This site is optimized with the Yoast SEO plugin v27.2 - https:\/\/yoast.com\/product\/yoast-seo-wordpress\/ -->\n<title>SYDNEY - ABL Group<\/title>\n<meta name=\"robots\" content=\"index, follow, max-snippet:-1, max-image-preview:large, max-video-preview:-1\" \/>\n<link rel=\"canonical\" href=\"https:\/\/www.ablshop.it\/en\/product\/sydney\/\" \/>\n<meta property=\"og:locale\" content=\"en_US\" \/>\n<meta property=\"og:type\" content=\"article\" \/>\n<meta property=\"og:title\" content=\"SYDNEY - ABL Group\" \/>\n<meta property=\"og:description\" content=\"Borsa a spalla fornita di tracolla allungabile e regolabile per essere portata anche crossbody. E&#039; caratterizzata da una chiusura a zip con tira lampo in pelle, davanti ci \u00e8 inoltre una tasca dove c&#039;\u00e8 il logo BRIGHT. All&#039;interno la borsa \u00e8 interamente foderata, composta da due scomparti divisi da una tasca con zip. Sono presenti inoltre tasche portaoggetti e piccola tasca con zip.\" \/>\n<meta property=\"og:url\" content=\"https:\/\/www.ablshop.it\/en\/product\/sydney\/\" \/>\n<meta property=\"og:site_name\" content=\"ABL Group\" \/>\n<meta property=\"article:modified_time\" content=\"2022-04-26T14:32:21+00:00\" \/>\n<meta property=\"og:image\" content=\"https:\/\/www.ablshop.it\/wp-content\/uploads\/2022\/02\/img_2D_0010_1.jpg\" \/>\n\t<meta property=\"og:image:width\" content=\"2362\" \/>\n\t<meta property=\"og:image:height\" content=\"2362\" \/>\n\t<meta property=\"og:image:type\" content=\"image\/jpeg\" \/>\n<meta name=\"twitter:card\" content=\"summary_large_image\" \/>\n<script type=\"application\/ld+json\" class=\"yoast-schema-graph\">{\"@context\":\"https:\/\/schema.org\",\"@graph\":[{\"@type\":\"WebPage\",\"@id\":\"https:\/\/www.ablshop.it\/en\/product\/sydney\/\",\"url\":\"https:\/\/www.ablshop.it\/en\/product\/sydney\/\",\"name\":\"SYDNEY - ABL Group\",\"isPartOf\":{\"@id\":\"https:\/\/www.ablshop.it\/en\/#website\"},\"primaryImageOfPage\":{\"@id\":\"https:\/\/www.ablshop.it\/en\/product\/sydney\/#primaryimage\"},\"image\":{\"@id\":\"https:\/\/www.ablshop.it\/en\/product\/sydney\/#primaryimage\"},\"thumbnailUrl\":\"https:\/\/www.ablshop.it\/wp-content\/uploads\/2022\/02\/img_2D_0010_1.jpg\",\"datePublished\":\"2022-02-14T09:26:03+00:00\",\"dateModified\":\"2022-04-26T14:32:21+00:00\",\"breadcrumb\":{\"@id\":\"https:\/\/www.ablshop.it\/en\/product\/sydney\/#breadcrumb\"},\"inLanguage\":\"en-US\",\"potentialAction\":[{\"@type\":\"ReadAction\",\"target\":[\"https:\/\/www.ablshop.it\/en\/product\/sydney\/\"]}]},{\"@type\":\"ImageObject\",\"inLanguage\":\"en-US\",\"@id\":\"https:\/\/www.ablshop.it\/en\/product\/sydney\/#primaryimage\",\"url\":\"https:\/\/www.ablshop.it\/wp-content\/uploads\/2022\/02\/img_2D_0010_1.jpg\",\"contentUrl\":\"https:\/\/www.ablshop.it\/wp-content\/uploads\/2022\/02\/img_2D_0010_1.jpg\",\"width\":2362,\"height\":2362},{\"@type\":\"BreadcrumbList\",\"@id\":\"https:\/\/www.ablshop.it\/en\/product\/sydney\/#breadcrumb\",\"itemListElement\":[{\"@type\":\"ListItem\",\"position\":1,\"name\":\"Home\",\"item\":\"https:\/\/www.ablshop.it\/en\/?lang=en\"},{\"@type\":\"ListItem\",\"position\":2,\"name\":\"Shop\",\"item\":\"https:\/\/www.ablshop.it\/en\/shop-3\/\"},{\"@type\":\"ListItem\",\"position\":3,\"name\":\"SYDNEY\"}]},{\"@type\":\"WebSite\",\"@id\":\"https:\/\/www.ablshop.it\/en\/#website\",\"url\":\"https:\/\/www.ablshop.it\/en\/\",\"name\":\"ABL Group\",\"description\":\"\",\"potentialAction\":[{\"@type\":\"SearchAction\",\"target\":{\"@type\":\"EntryPoint\",\"urlTemplate\":\"https:\/\/www.ablshop.it\/en\/?s={search_term_string}\"},\"query-input\":{\"@type\":\"PropertyValueSpecification\",\"valueRequired\":true,\"valueName\":\"search_term_string\"}}],\"inLanguage\":\"en-US\"}]}<\/script>\n<!-- \/ Yoast SEO plugin. -->","yoast_head_json":{"title":"SYDNEY - ABL Group","robots":{"index":"index","follow":"follow","max-snippet":"max-snippet:-1","max-image-preview":"max-image-preview:large","max-video-preview":"max-video-preview:-1"},"canonical":"https:\/\/www.ablshop.it\/en\/product\/sydney\/","og_locale":"en_US","og_type":"article","og_title":"SYDNEY - ABL Group","og_description":"Borsa a spalla fornita di tracolla allungabile e regolabile per essere portata anche crossbody. E' caratterizzata da una chiusura a zip con tira lampo in pelle, davanti ci \u00e8 inoltre una tasca dove c'\u00e8 il logo BRIGHT. All'interno la borsa \u00e8 interamente foderata, composta da due scomparti divisi da una tasca con zip. Sono presenti inoltre tasche portaoggetti e piccola tasca con zip.","og_url":"https:\/\/www.ablshop.it\/en\/product\/sydney\/","og_site_name":"ABL Group","article_modified_time":"2022-04-26T14:32:21+00:00","og_image":[{"width":2362,"height":2362,"url":"https:\/\/www.ablshop.it\/wp-content\/uploads\/2022\/02\/img_2D_0010_1.jpg","type":"image\/jpeg"}],"twitter_card":"summary_large_image","schema":{"@context":"https:\/\/schema.org","@graph":[{"@type":"WebPage","@id":"https:\/\/www.ablshop.it\/en\/product\/sydney\/","url":"https:\/\/www.ablshop.it\/en\/product\/sydney\/","name":"SYDNEY - ABL Group","isPartOf":{"@id":"https:\/\/www.ablshop.it\/en\/#website"},"primaryImageOfPage":{"@id":"https:\/\/www.ablshop.it\/en\/product\/sydney\/#primaryimage"},"image":{"@id":"https:\/\/www.ablshop.it\/en\/product\/sydney\/#primaryimage"},"thumbnailUrl":"https:\/\/www.ablshop.it\/wp-content\/uploads\/2022\/02\/img_2D_0010_1.jpg","datePublished":"2022-02-14T09:26:03+00:00","dateModified":"2022-04-26T14:32:21+00:00","breadcrumb":{"@id":"https:\/\/www.ablshop.it\/en\/product\/sydney\/#breadcrumb"},"inLanguage":"en-US","potentialAction":[{"@type":"ReadAction","target":["https:\/\/www.ablshop.it\/en\/product\/sydney\/"]}]},{"@type":"ImageObject","inLanguage":"en-US","@id":"https:\/\/www.ablshop.it\/en\/product\/sydney\/#primaryimage","url":"https:\/\/www.ablshop.it\/wp-content\/uploads\/2022\/02\/img_2D_0010_1.jpg","contentUrl":"https:\/\/www.ablshop.it\/wp-content\/uploads\/2022\/02\/img_2D_0010_1.jpg","width":2362,"height":2362},{"@type":"BreadcrumbList","@id":"https:\/\/www.ablshop.it\/en\/product\/sydney\/#breadcrumb","itemListElement":[{"@type":"ListItem","position":1,"name":"Home","item":"https:\/\/www.ablshop.it\/en\/?lang=en"},{"@type":"ListItem","position":2,"name":"Shop","item":"https:\/\/www.ablshop.it\/en\/shop-3\/"},{"@type":"ListItem","position":3,"name":"SYDNEY"}]},{"@type":"WebSite","@id":"https:\/\/www.ablshop.it\/en\/#website","url":"https:\/\/www.ablshop.it\/en\/","name":"ABL Group","description":"","potentialAction":[{"@type":"SearchAction","target":{"@type":"EntryPoint","urlTemplate":"https:\/\/www.ablshop.it\/en\/?s={search_term_string}"},"query-input":{"@type":"PropertyValueSpecification","valueRequired":true,"valueName":"search_term_string"}}],"inLanguage":"en-US"}]}},"_links":{"self":[{"href":"https:\/\/www.ablshop.it\/en\/wp-json\/wp\/v2\/product\/47347","targetHints":{"allow":["GET"]}}],"collection":[{"href":"https:\/\/www.ablshop.it\/en\/wp-json\/wp\/v2\/product"}],"about":[{"href":"https:\/\/www.ablshop.it\/en\/wp-json\/wp\/v2\/types\/product"}],"wp:featuredmedia":[{"embeddable":true,"href":"https:\/\/www.ablshop.it\/en\/wp-json\/wp\/v2\/media\/47435"}],"wp:attachment":[{"href":"https:\/\/www.ablshop.it\/en\/wp-json\/wp\/v2\/media?parent=47347"}],"wp:term":[{"taxonomy":"product_brand","embeddable":true,"href":"https:\/\/www.ablshop.it\/en\/wp-json\/wp\/v2\/product_brand?post=47347"},{"taxonomy":"product_cat","embeddable":true,"href":"https:\/\/www.ablshop.it\/en\/wp-json\/wp\/v2\/product_cat?post=47347"},{"taxonomy":"product_tag","embeddable":true,"href":"https:\/\/www.ablshop.it\/en\/wp-json\/wp\/v2\/product_tag?post=47347"}],"curies":[{"name":"wp","href":"https:\/\/api.w.org\/{rel}","templated":true}]}}