{"id":34305,"date":"2021-11-11T11:36:30","date_gmt":"2021-11-11T10:36:30","guid":{"rendered":"https:\/\/www.ablshop.it\/?post_type=product&#038;p=34305"},"modified":"2022-09-27T16:41:45","modified_gmt":"2022-09-27T14:41:45","slug":"tokyo","status":"publish","type":"product","link":"https:\/\/www.ablshop.it\/en\/product\/tokyo\/","title":{"rendered":"TOKYO"},"content":{"rendered":"<p>b<\/p>\n","protected":false},"excerpt":{"rendered":"<p>Borsa a tracolla in vera pelle made in Italy. La tracolla \u00e8 allungabile e regolabile, pu\u00f2 essere quindi portata crossbody o a spalla. La patta \u00e8 caratterizzata da una particolare arricciatura della pelle. Chiusura con calamita e zip, l&#8217;interno e&#8217; foderato. All&#8217;interno troviamo una piccola taschina con zip e una tasca portacellulare.<\/p>\n<p>\u25cf Borsa in pelle<\/p>\n<p>\u25cf Borsa tracolla<\/p>\n<p>\u25cf Doppia portabilit\u00e0<\/p>\n<p>\u25cf Tracolla regolabile<\/p>\n","protected":false},"featured_media":34306,"template":"","meta":{"_acf_changed":false},"product_brand":[],"product_cat":[278,183,182,321],"product_tag":[],"class_list":{"0":"post-34305","1":"product","2":"type-product","3":"status-publish","4":"has-post-thumbnail","6":"product_cat-borse-a-tracolla","7":"product_cat-borse-pelle","8":"product_cat-donna","9":"product_cat-nuovi-arrivi","12":"first","13":"instock","14":"taxable","15":"shipping-taxable","16":"purchasable","17":"product-type-variable","18":"rtwpvg-product"},"acf":[],"yoast_head":"<!-- This site is optimized with the Yoast SEO plugin v27.2 - https:\/\/yoast.com\/product\/yoast-seo-wordpress\/ -->\n<title>TOKYO - ABL Group<\/title>\n<meta name=\"robots\" content=\"index, follow, max-snippet:-1, max-image-preview:large, max-video-preview:-1\" \/>\n<link rel=\"canonical\" href=\"https:\/\/www.ablshop.it\/en\/product\/tokyo\/\" \/>\n<meta property=\"og:locale\" content=\"en_US\" \/>\n<meta property=\"og:type\" content=\"article\" \/>\n<meta property=\"og:title\" content=\"TOKYO - ABL Group\" \/>\n<meta property=\"og:description\" content=\"Borsa a tracolla in vera pelle made in Italy. La tracolla \u00e8 allungabile e regolabile, pu\u00f2 essere quindi portata crossbody o a spalla. La patta \u00e8 caratterizzata da una particolare arricciatura della pelle. Chiusura con calamita e zip, l&#039;interno e&#039; foderato. All&#039;interno troviamo una piccola taschina con zip e una tasca portacellulare.  \u25cf Borsa in pelle  \u25cf Borsa tracolla  \u25cf Doppia portabilit\u00e0  \u25cf Tracolla regolabile\" \/>\n<meta property=\"og:url\" content=\"https:\/\/www.ablshop.it\/en\/product\/tokyo\/\" \/>\n<meta property=\"og:site_name\" content=\"ABL Group\" \/>\n<meta property=\"article:modified_time\" content=\"2022-09-27T14:41:45+00:00\" \/>\n<meta property=\"og:image\" content=\"https:\/\/www.ablshop.it\/wp-content\/uploads\/2021\/11\/img_2D_0031.jpg\" \/>\n\t<meta property=\"og:image:width\" content=\"2362\" \/>\n\t<meta property=\"og:image:height\" content=\"2362\" \/>\n\t<meta property=\"og:image:type\" content=\"image\/jpeg\" \/>\n<meta name=\"twitter:card\" content=\"summary_large_image\" \/>\n<meta name=\"twitter:label1\" content=\"Est. reading time\" \/>\n\t<meta name=\"twitter:data1\" content=\"1 minute\" \/>\n<script type=\"application\/ld+json\" class=\"yoast-schema-graph\">{\"@context\":\"https:\/\/schema.org\",\"@graph\":[{\"@type\":\"WebPage\",\"@id\":\"https:\/\/www.ablshop.it\/en\/product\/tokyo\/\",\"url\":\"https:\/\/www.ablshop.it\/en\/product\/tokyo\/\",\"name\":\"TOKYO - ABL Group\",\"isPartOf\":{\"@id\":\"https:\/\/www.ablshop.it\/en\/#website\"},\"primaryImageOfPage\":{\"@id\":\"https:\/\/www.ablshop.it\/en\/product\/tokyo\/#primaryimage\"},\"image\":{\"@id\":\"https:\/\/www.ablshop.it\/en\/product\/tokyo\/#primaryimage\"},\"thumbnailUrl\":\"https:\/\/www.ablshop.it\/wp-content\/uploads\/2021\/11\/img_2D_0031.jpg\",\"datePublished\":\"2021-11-11T10:36:30+00:00\",\"dateModified\":\"2022-09-27T14:41:45+00:00\",\"breadcrumb\":{\"@id\":\"https:\/\/www.ablshop.it\/en\/product\/tokyo\/#breadcrumb\"},\"inLanguage\":\"en-US\",\"potentialAction\":[{\"@type\":\"ReadAction\",\"target\":[\"https:\/\/www.ablshop.it\/en\/product\/tokyo\/\"]}]},{\"@type\":\"ImageObject\",\"inLanguage\":\"en-US\",\"@id\":\"https:\/\/www.ablshop.it\/en\/product\/tokyo\/#primaryimage\",\"url\":\"https:\/\/www.ablshop.it\/wp-content\/uploads\/2021\/11\/img_2D_0031.jpg\",\"contentUrl\":\"https:\/\/www.ablshop.it\/wp-content\/uploads\/2021\/11\/img_2D_0031.jpg\",\"width\":2362,\"height\":2362},{\"@type\":\"BreadcrumbList\",\"@id\":\"https:\/\/www.ablshop.it\/en\/product\/tokyo\/#breadcrumb\",\"itemListElement\":[{\"@type\":\"ListItem\",\"position\":1,\"name\":\"Home\",\"item\":\"https:\/\/www.ablshop.it\/en\/?lang=en\"},{\"@type\":\"ListItem\",\"position\":2,\"name\":\"Shop\",\"item\":\"https:\/\/www.ablshop.it\/en\/shop-3\/\"},{\"@type\":\"ListItem\",\"position\":3,\"name\":\"TOKYO\"}]},{\"@type\":\"WebSite\",\"@id\":\"https:\/\/www.ablshop.it\/en\/#website\",\"url\":\"https:\/\/www.ablshop.it\/en\/\",\"name\":\"ABL Group\",\"description\":\"\",\"potentialAction\":[{\"@type\":\"SearchAction\",\"target\":{\"@type\":\"EntryPoint\",\"urlTemplate\":\"https:\/\/www.ablshop.it\/en\/?s={search_term_string}\"},\"query-input\":{\"@type\":\"PropertyValueSpecification\",\"valueRequired\":true,\"valueName\":\"search_term_string\"}}],\"inLanguage\":\"en-US\"}]}<\/script>\n<!-- \/ Yoast SEO plugin. -->","yoast_head_json":{"title":"TOKYO - ABL Group","robots":{"index":"index","follow":"follow","max-snippet":"max-snippet:-1","max-image-preview":"max-image-preview:large","max-video-preview":"max-video-preview:-1"},"canonical":"https:\/\/www.ablshop.it\/en\/product\/tokyo\/","og_locale":"en_US","og_type":"article","og_title":"TOKYO - ABL Group","og_description":"Borsa a tracolla in vera pelle made in Italy. La tracolla \u00e8 allungabile e regolabile, pu\u00f2 essere quindi portata crossbody o a spalla. La patta \u00e8 caratterizzata da una particolare arricciatura della pelle. Chiusura con calamita e zip, l'interno e' foderato. All'interno troviamo una piccola taschina con zip e una tasca portacellulare.  \u25cf Borsa in pelle  \u25cf Borsa tracolla  \u25cf Doppia portabilit\u00e0  \u25cf Tracolla regolabile","og_url":"https:\/\/www.ablshop.it\/en\/product\/tokyo\/","og_site_name":"ABL Group","article_modified_time":"2022-09-27T14:41:45+00:00","og_image":[{"width":2362,"height":2362,"url":"https:\/\/www.ablshop.it\/wp-content\/uploads\/2021\/11\/img_2D_0031.jpg","type":"image\/jpeg"}],"twitter_card":"summary_large_image","twitter_misc":{"Est. reading time":"1 minute"},"schema":{"@context":"https:\/\/schema.org","@graph":[{"@type":"WebPage","@id":"https:\/\/www.ablshop.it\/en\/product\/tokyo\/","url":"https:\/\/www.ablshop.it\/en\/product\/tokyo\/","name":"TOKYO - ABL Group","isPartOf":{"@id":"https:\/\/www.ablshop.it\/en\/#website"},"primaryImageOfPage":{"@id":"https:\/\/www.ablshop.it\/en\/product\/tokyo\/#primaryimage"},"image":{"@id":"https:\/\/www.ablshop.it\/en\/product\/tokyo\/#primaryimage"},"thumbnailUrl":"https:\/\/www.ablshop.it\/wp-content\/uploads\/2021\/11\/img_2D_0031.jpg","datePublished":"2021-11-11T10:36:30+00:00","dateModified":"2022-09-27T14:41:45+00:00","breadcrumb":{"@id":"https:\/\/www.ablshop.it\/en\/product\/tokyo\/#breadcrumb"},"inLanguage":"en-US","potentialAction":[{"@type":"ReadAction","target":["https:\/\/www.ablshop.it\/en\/product\/tokyo\/"]}]},{"@type":"ImageObject","inLanguage":"en-US","@id":"https:\/\/www.ablshop.it\/en\/product\/tokyo\/#primaryimage","url":"https:\/\/www.ablshop.it\/wp-content\/uploads\/2021\/11\/img_2D_0031.jpg","contentUrl":"https:\/\/www.ablshop.it\/wp-content\/uploads\/2021\/11\/img_2D_0031.jpg","width":2362,"height":2362},{"@type":"BreadcrumbList","@id":"https:\/\/www.ablshop.it\/en\/product\/tokyo\/#breadcrumb","itemListElement":[{"@type":"ListItem","position":1,"name":"Home","item":"https:\/\/www.ablshop.it\/en\/?lang=en"},{"@type":"ListItem","position":2,"name":"Shop","item":"https:\/\/www.ablshop.it\/en\/shop-3\/"},{"@type":"ListItem","position":3,"name":"TOKYO"}]},{"@type":"WebSite","@id":"https:\/\/www.ablshop.it\/en\/#website","url":"https:\/\/www.ablshop.it\/en\/","name":"ABL Group","description":"","potentialAction":[{"@type":"SearchAction","target":{"@type":"EntryPoint","urlTemplate":"https:\/\/www.ablshop.it\/en\/?s={search_term_string}"},"query-input":{"@type":"PropertyValueSpecification","valueRequired":true,"valueName":"search_term_string"}}],"inLanguage":"en-US"}]}},"_links":{"self":[{"href":"https:\/\/www.ablshop.it\/en\/wp-json\/wp\/v2\/product\/34305","targetHints":{"allow":["GET"]}}],"collection":[{"href":"https:\/\/www.ablshop.it\/en\/wp-json\/wp\/v2\/product"}],"about":[{"href":"https:\/\/www.ablshop.it\/en\/wp-json\/wp\/v2\/types\/product"}],"wp:featuredmedia":[{"embeddable":true,"href":"https:\/\/www.ablshop.it\/en\/wp-json\/wp\/v2\/media\/34306"}],"wp:attachment":[{"href":"https:\/\/www.ablshop.it\/en\/wp-json\/wp\/v2\/media?parent=34305"}],"wp:term":[{"taxonomy":"product_brand","embeddable":true,"href":"https:\/\/www.ablshop.it\/en\/wp-json\/wp\/v2\/product_brand?post=34305"},{"taxonomy":"product_cat","embeddable":true,"href":"https:\/\/www.ablshop.it\/en\/wp-json\/wp\/v2\/product_cat?post=34305"},{"taxonomy":"product_tag","embeddable":true,"href":"https:\/\/www.ablshop.it\/en\/wp-json\/wp\/v2\/product_tag?post=34305"}],"curies":[{"name":"wp","href":"https:\/\/api.w.org\/{rel}","templated":true}]}}