{"id":52187,"date":"2022-04-28T12:05:06","date_gmt":"2022-04-28T10:05:06","guid":{"rendered":"https:\/\/www.ablshop.it\/?post_type=product&#038;p=52187"},"modified":"2022-04-29T16:24:05","modified_gmt":"2022-04-29T14:24:05","slug":"model001","status":"publish","type":"product","link":"https:\/\/www.ablshop.it\/de\/produkt\/model001\/","title":{"rendered":"MODEL001"},"content":{"rendered":"<p>F<\/p>\n","protected":false},"excerpt":{"rendered":"<p>Borsa a spalla in ecopelle. Chiusura con zip, l&#8217;interno foderato \u00e8 suddiviso da due scomparti molto ampi. Sul retro troviamo una piccola tasca, sul davanti \u00e8 presente una tasca chiusa da una clip ed \u00e8 presente un pendaglio a forma di Cuore. La borsa \u00e8 abbellita da piccole borchie. La borsa \u00e8 munita di piedini metallici.<\/p>\n","protected":false},"featured_media":52206,"template":"","meta":{"_acf_changed":false},"product_brand":[],"product_cat":[277,182,391,320],"product_tag":[],"class_list":{"0":"post-52187","1":"product","2":"type-product","3":"status-publish","4":"has-post-thumbnail","6":"product_cat-borse-ecopelle","7":"product_cat-donna","8":"product_cat-keshia-borse-ecopelle","9":"product_cat-promozioni","12":"first","13":"instock","14":"sale","15":"taxable","16":"shipping-taxable","17":"purchasable","18":"product-type-variable","19":"rtwpvg-product"},"acf":[],"yoast_head":"<!-- This site is optimized with the Yoast SEO plugin v27.2 - https:\/\/yoast.com\/product\/yoast-seo-wordpress\/ -->\n<title>MODEL001 - ABL Group<\/title>\n<meta name=\"robots\" content=\"index, follow, max-snippet:-1, max-image-preview:large, max-video-preview:-1\" \/>\n<link rel=\"canonical\" href=\"https:\/\/www.ablshop.it\/de\/produkt\/model001\/\" \/>\n<meta property=\"og:locale\" content=\"de_DE\" \/>\n<meta property=\"og:type\" content=\"article\" \/>\n<meta property=\"og:title\" content=\"MODEL001 - ABL Group\" \/>\n<meta property=\"og:description\" content=\"Borsa a spalla in ecopelle. Chiusura con zip, l&#039;interno foderato \u00e8 suddiviso da due scomparti molto ampi. Sul retro troviamo una piccola tasca, sul davanti \u00e8 presente una tasca chiusa da una clip ed \u00e8 presente un pendaglio a forma di Cuore. La borsa \u00e8 abbellita da piccole borchie. La borsa \u00e8 munita di piedini metallici.\" \/>\n<meta property=\"og:url\" content=\"https:\/\/www.ablshop.it\/de\/produkt\/model001\/\" \/>\n<meta property=\"og:site_name\" content=\"ABL Group\" \/>\n<meta property=\"article:modified_time\" content=\"2022-04-29T14:24:05+00:00\" \/>\n<meta property=\"og:image\" content=\"https:\/\/www.ablshop.it\/wp-content\/uploads\/2022\/04\/img_2D_00093.jpg\" \/>\n\t<meta property=\"og:image:width\" content=\"2362\" \/>\n\t<meta property=\"og:image:height\" content=\"2362\" \/>\n\t<meta property=\"og:image:type\" content=\"image\/jpeg\" \/>\n<meta name=\"twitter:card\" content=\"summary_large_image\" \/>\n<meta name=\"twitter:label1\" content=\"Gesch\u00e4tzte Lesezeit\" \/>\n\t<meta name=\"twitter:data1\" content=\"1\u00a0Minute\" \/>\n<script type=\"application\/ld+json\" class=\"yoast-schema-graph\">{\"@context\":\"https:\/\/schema.org\",\"@graph\":[{\"@type\":\"WebPage\",\"@id\":\"https:\/\/www.ablshop.it\/de\/produkt\/model001\/\",\"url\":\"https:\/\/www.ablshop.it\/de\/produkt\/model001\/\",\"name\":\"MODEL001 - ABL Group\",\"isPartOf\":{\"@id\":\"https:\/\/www.ablshop.it\/de\/#website\"},\"primaryImageOfPage\":{\"@id\":\"https:\/\/www.ablshop.it\/de\/produkt\/model001\/#primaryimage\"},\"image\":{\"@id\":\"https:\/\/www.ablshop.it\/de\/produkt\/model001\/#primaryimage\"},\"thumbnailUrl\":\"https:\/\/www.ablshop.it\/wp-content\/uploads\/2022\/04\/img_2D_00093.jpg\",\"datePublished\":\"2022-04-28T10:05:06+00:00\",\"dateModified\":\"2022-04-29T14:24:05+00:00\",\"breadcrumb\":{\"@id\":\"https:\/\/www.ablshop.it\/de\/produkt\/model001\/#breadcrumb\"},\"inLanguage\":\"de\",\"potentialAction\":[{\"@type\":\"ReadAction\",\"target\":[\"https:\/\/www.ablshop.it\/de\/produkt\/model001\/\"]}]},{\"@type\":\"ImageObject\",\"inLanguage\":\"de\",\"@id\":\"https:\/\/www.ablshop.it\/de\/produkt\/model001\/#primaryimage\",\"url\":\"https:\/\/www.ablshop.it\/wp-content\/uploads\/2022\/04\/img_2D_00093.jpg\",\"contentUrl\":\"https:\/\/www.ablshop.it\/wp-content\/uploads\/2022\/04\/img_2D_00093.jpg\",\"width\":2362,\"height\":2362},{\"@type\":\"BreadcrumbList\",\"@id\":\"https:\/\/www.ablshop.it\/de\/produkt\/model001\/#breadcrumb\",\"itemListElement\":[{\"@type\":\"ListItem\",\"position\":1,\"name\":\"Home\",\"item\":\"https:\/\/www.ablshop.it\/de\/?lang=de\"},{\"@type\":\"ListItem\",\"position\":2,\"name\":\"Shop\",\"item\":\"https:\/\/www.ablshop.it\/de\/shop-3\/\"},{\"@type\":\"ListItem\",\"position\":3,\"name\":\"MODEL001\"}]},{\"@type\":\"WebSite\",\"@id\":\"https:\/\/www.ablshop.it\/de\/#website\",\"url\":\"https:\/\/www.ablshop.it\/de\/\",\"name\":\"ABL Group\",\"description\":\"\",\"potentialAction\":[{\"@type\":\"SearchAction\",\"target\":{\"@type\":\"EntryPoint\",\"urlTemplate\":\"https:\/\/www.ablshop.it\/de\/?s={search_term_string}\"},\"query-input\":{\"@type\":\"PropertyValueSpecification\",\"valueRequired\":true,\"valueName\":\"search_term_string\"}}],\"inLanguage\":\"de\"}]}<\/script>\n<!-- \/ Yoast SEO plugin. -->","yoast_head_json":{"title":"MODEL001 - ABL Group","robots":{"index":"index","follow":"follow","max-snippet":"max-snippet:-1","max-image-preview":"max-image-preview:large","max-video-preview":"max-video-preview:-1"},"canonical":"https:\/\/www.ablshop.it\/de\/produkt\/model001\/","og_locale":"de_DE","og_type":"article","og_title":"MODEL001 - ABL Group","og_description":"Borsa a spalla in ecopelle. Chiusura con zip, l'interno foderato \u00e8 suddiviso da due scomparti molto ampi. Sul retro troviamo una piccola tasca, sul davanti \u00e8 presente una tasca chiusa da una clip ed \u00e8 presente un pendaglio a forma di Cuore. La borsa \u00e8 abbellita da piccole borchie. La borsa \u00e8 munita di piedini metallici.","og_url":"https:\/\/www.ablshop.it\/de\/produkt\/model001\/","og_site_name":"ABL Group","article_modified_time":"2022-04-29T14:24:05+00:00","og_image":[{"width":2362,"height":2362,"url":"https:\/\/www.ablshop.it\/wp-content\/uploads\/2022\/04\/img_2D_00093.jpg","type":"image\/jpeg"}],"twitter_card":"summary_large_image","twitter_misc":{"Gesch\u00e4tzte Lesezeit":"1\u00a0Minute"},"schema":{"@context":"https:\/\/schema.org","@graph":[{"@type":"WebPage","@id":"https:\/\/www.ablshop.it\/de\/produkt\/model001\/","url":"https:\/\/www.ablshop.it\/de\/produkt\/model001\/","name":"MODEL001 - ABL Group","isPartOf":{"@id":"https:\/\/www.ablshop.it\/de\/#website"},"primaryImageOfPage":{"@id":"https:\/\/www.ablshop.it\/de\/produkt\/model001\/#primaryimage"},"image":{"@id":"https:\/\/www.ablshop.it\/de\/produkt\/model001\/#primaryimage"},"thumbnailUrl":"https:\/\/www.ablshop.it\/wp-content\/uploads\/2022\/04\/img_2D_00093.jpg","datePublished":"2022-04-28T10:05:06+00:00","dateModified":"2022-04-29T14:24:05+00:00","breadcrumb":{"@id":"https:\/\/www.ablshop.it\/de\/produkt\/model001\/#breadcrumb"},"inLanguage":"de","potentialAction":[{"@type":"ReadAction","target":["https:\/\/www.ablshop.it\/de\/produkt\/model001\/"]}]},{"@type":"ImageObject","inLanguage":"de","@id":"https:\/\/www.ablshop.it\/de\/produkt\/model001\/#primaryimage","url":"https:\/\/www.ablshop.it\/wp-content\/uploads\/2022\/04\/img_2D_00093.jpg","contentUrl":"https:\/\/www.ablshop.it\/wp-content\/uploads\/2022\/04\/img_2D_00093.jpg","width":2362,"height":2362},{"@type":"BreadcrumbList","@id":"https:\/\/www.ablshop.it\/de\/produkt\/model001\/#breadcrumb","itemListElement":[{"@type":"ListItem","position":1,"name":"Home","item":"https:\/\/www.ablshop.it\/de\/?lang=de"},{"@type":"ListItem","position":2,"name":"Shop","item":"https:\/\/www.ablshop.it\/de\/shop-3\/"},{"@type":"ListItem","position":3,"name":"MODEL001"}]},{"@type":"WebSite","@id":"https:\/\/www.ablshop.it\/de\/#website","url":"https:\/\/www.ablshop.it\/de\/","name":"ABL Group","description":"","potentialAction":[{"@type":"SearchAction","target":{"@type":"EntryPoint","urlTemplate":"https:\/\/www.ablshop.it\/de\/?s={search_term_string}"},"query-input":{"@type":"PropertyValueSpecification","valueRequired":true,"valueName":"search_term_string"}}],"inLanguage":"de"}]}},"_links":{"self":[{"href":"https:\/\/www.ablshop.it\/de\/wp-json\/wp\/v2\/product\/52187","targetHints":{"allow":["GET"]}}],"collection":[{"href":"https:\/\/www.ablshop.it\/de\/wp-json\/wp\/v2\/product"}],"about":[{"href":"https:\/\/www.ablshop.it\/de\/wp-json\/wp\/v2\/types\/product"}],"wp:featuredmedia":[{"embeddable":true,"href":"https:\/\/www.ablshop.it\/de\/wp-json\/wp\/v2\/media\/52206"}],"wp:attachment":[{"href":"https:\/\/www.ablshop.it\/de\/wp-json\/wp\/v2\/media?parent=52187"}],"wp:term":[{"taxonomy":"product_brand","embeddable":true,"href":"https:\/\/www.ablshop.it\/de\/wp-json\/wp\/v2\/product_brand?post=52187"},{"taxonomy":"product_cat","embeddable":true,"href":"https:\/\/www.ablshop.it\/de\/wp-json\/wp\/v2\/product_cat?post=52187"},{"taxonomy":"product_tag","embeddable":true,"href":"https:\/\/www.ablshop.it\/de\/wp-json\/wp\/v2\/product_tag?post=52187"}],"curies":[{"name":"wp","href":"https:\/\/api.w.org\/{rel}","templated":true}]}}