{"id":47359,"date":"2022-02-14T09:44:55","date_gmt":"2022-02-14T08:44:55","guid":{"rendered":"https:\/\/www.ablshop.it\/?post_type=product&#038;p=47359"},"modified":"2022-02-14T09:49:48","modified_gmt":"2022-02-14T08:49:48","slug":"s5-nelly","status":"publish","type":"product","link":"https:\/\/www.ablshop.it\/de\/produkt\/s5-nelly\/","title":{"rendered":"S5.NELLY"},"content":{"rendered":"<p>.<\/p>\n","protected":false},"excerpt":{"rendered":"<p>Borsa in pelle made in Italy. La borsa \u00e8 trapuntata e la catena \u00e8 intrecciata con la pelle. Si pu\u00f2 portare sia a spalla sia crossbody. Chiusa con una patta e con una chiusura con calamita. Interno foderato suddiviso da due scomparti divisi a loro volta da una tasca con zip.<\/p>\n","protected":false},"featured_media":47415,"template":"","meta":{"_acf_changed":false},"product_brand":[],"product_cat":[184,196,278,183,182,321],"product_tag":[],"class_list":{"0":"post-47359","1":"product","2":"type-product","3":"status-publish","4":"has-post-thumbnail","6":"product_cat-borse-a-mano","7":"product_cat-borse-a-spalla","8":"product_cat-borse-a-tracolla","9":"product_cat-borse-pelle","10":"product_cat-donna","11":"product_cat-nuovi-arrivi","14":"first","15":"instock","16":"taxable","17":"shipping-taxable","18":"purchasable","19":"product-type-variable","20":"rtwpvg-product"},"acf":[],"yoast_head":"<!-- This site is optimized with the Yoast SEO plugin v27.2 - https:\/\/yoast.com\/product\/yoast-seo-wordpress\/ -->\n<title>S5.NELLY - ABL Group<\/title>\n<meta name=\"robots\" content=\"index, follow, max-snippet:-1, max-image-preview:large, max-video-preview:-1\" \/>\n<link rel=\"canonical\" href=\"https:\/\/www.ablshop.it\/de\/produkt\/s5-nelly\/\" \/>\n<meta property=\"og:locale\" content=\"de_DE\" \/>\n<meta property=\"og:type\" content=\"article\" \/>\n<meta property=\"og:title\" content=\"S5.NELLY - ABL Group\" \/>\n<meta property=\"og:description\" content=\"Borsa in pelle made in Italy. La borsa \u00e8 trapuntata e la catena \u00e8 intrecciata con la pelle. Si pu\u00f2 portare sia a spalla sia crossbody. Chiusa con una patta e con una chiusura con calamita. Interno foderato suddiviso da due scomparti divisi a loro volta da una tasca con zip.\" \/>\n<meta property=\"og:url\" content=\"https:\/\/www.ablshop.it\/de\/produkt\/s5-nelly\/\" \/>\n<meta property=\"og:site_name\" content=\"ABL Group\" \/>\n<meta property=\"article:modified_time\" content=\"2022-02-14T08:49:48+00:00\" \/>\n<meta property=\"og:image\" content=\"https:\/\/www.ablshop.it\/wp-content\/uploads\/2022\/02\/img_2D_0018.jpg\" \/>\n\t<meta property=\"og:image:width\" content=\"2362\" \/>\n\t<meta property=\"og:image:height\" content=\"2362\" \/>\n\t<meta property=\"og:image:type\" content=\"image\/jpeg\" \/>\n<meta name=\"twitter:card\" content=\"summary_large_image\" \/>\n<script type=\"application\/ld+json\" class=\"yoast-schema-graph\">{\"@context\":\"https:\/\/schema.org\",\"@graph\":[{\"@type\":\"WebPage\",\"@id\":\"https:\/\/www.ablshop.it\/de\/produkt\/s5-nelly\/\",\"url\":\"https:\/\/www.ablshop.it\/de\/produkt\/s5-nelly\/\",\"name\":\"S5.NELLY - ABL Group\",\"isPartOf\":{\"@id\":\"https:\/\/www.ablshop.it\/de\/#website\"},\"primaryImageOfPage\":{\"@id\":\"https:\/\/www.ablshop.it\/de\/produkt\/s5-nelly\/#primaryimage\"},\"image\":{\"@id\":\"https:\/\/www.ablshop.it\/de\/produkt\/s5-nelly\/#primaryimage\"},\"thumbnailUrl\":\"https:\/\/www.ablshop.it\/wp-content\/uploads\/2022\/02\/img_2D_0018.jpg\",\"datePublished\":\"2022-02-14T08:44:55+00:00\",\"dateModified\":\"2022-02-14T08:49:48+00:00\",\"breadcrumb\":{\"@id\":\"https:\/\/www.ablshop.it\/de\/produkt\/s5-nelly\/#breadcrumb\"},\"inLanguage\":\"de\",\"potentialAction\":[{\"@type\":\"ReadAction\",\"target\":[\"https:\/\/www.ablshop.it\/de\/produkt\/s5-nelly\/\"]}]},{\"@type\":\"ImageObject\",\"inLanguage\":\"de\",\"@id\":\"https:\/\/www.ablshop.it\/de\/produkt\/s5-nelly\/#primaryimage\",\"url\":\"https:\/\/www.ablshop.it\/wp-content\/uploads\/2022\/02\/img_2D_0018.jpg\",\"contentUrl\":\"https:\/\/www.ablshop.it\/wp-content\/uploads\/2022\/02\/img_2D_0018.jpg\",\"width\":2362,\"height\":2362},{\"@type\":\"BreadcrumbList\",\"@id\":\"https:\/\/www.ablshop.it\/de\/produkt\/s5-nelly\/#breadcrumb\",\"itemListElement\":[{\"@type\":\"ListItem\",\"position\":1,\"name\":\"Home\",\"item\":\"https:\/\/www.ablshop.it\/de\/?lang=de\"},{\"@type\":\"ListItem\",\"position\":2,\"name\":\"Shop\",\"item\":\"https:\/\/www.ablshop.it\/de\/shop-3\/\"},{\"@type\":\"ListItem\",\"position\":3,\"name\":\"S5.NELLY\"}]},{\"@type\":\"WebSite\",\"@id\":\"https:\/\/www.ablshop.it\/de\/#website\",\"url\":\"https:\/\/www.ablshop.it\/de\/\",\"name\":\"ABL Group\",\"description\":\"\",\"potentialAction\":[{\"@type\":\"SearchAction\",\"target\":{\"@type\":\"EntryPoint\",\"urlTemplate\":\"https:\/\/www.ablshop.it\/de\/?s={search_term_string}\"},\"query-input\":{\"@type\":\"PropertyValueSpecification\",\"valueRequired\":true,\"valueName\":\"search_term_string\"}}],\"inLanguage\":\"de\"}]}<\/script>\n<!-- \/ Yoast SEO plugin. -->","yoast_head_json":{"title":"S5.NELLY - ABL Group","robots":{"index":"index","follow":"follow","max-snippet":"max-snippet:-1","max-image-preview":"max-image-preview:large","max-video-preview":"max-video-preview:-1"},"canonical":"https:\/\/www.ablshop.it\/de\/produkt\/s5-nelly\/","og_locale":"de_DE","og_type":"article","og_title":"S5.NELLY - ABL Group","og_description":"Borsa in pelle made in Italy. La borsa \u00e8 trapuntata e la catena \u00e8 intrecciata con la pelle. Si pu\u00f2 portare sia a spalla sia crossbody. Chiusa con una patta e con una chiusura con calamita. Interno foderato suddiviso da due scomparti divisi a loro volta da una tasca con zip.","og_url":"https:\/\/www.ablshop.it\/de\/produkt\/s5-nelly\/","og_site_name":"ABL Group","article_modified_time":"2022-02-14T08:49:48+00:00","og_image":[{"width":2362,"height":2362,"url":"https:\/\/www.ablshop.it\/wp-content\/uploads\/2022\/02\/img_2D_0018.jpg","type":"image\/jpeg"}],"twitter_card":"summary_large_image","schema":{"@context":"https:\/\/schema.org","@graph":[{"@type":"WebPage","@id":"https:\/\/www.ablshop.it\/de\/produkt\/s5-nelly\/","url":"https:\/\/www.ablshop.it\/de\/produkt\/s5-nelly\/","name":"S5.NELLY - ABL Group","isPartOf":{"@id":"https:\/\/www.ablshop.it\/de\/#website"},"primaryImageOfPage":{"@id":"https:\/\/www.ablshop.it\/de\/produkt\/s5-nelly\/#primaryimage"},"image":{"@id":"https:\/\/www.ablshop.it\/de\/produkt\/s5-nelly\/#primaryimage"},"thumbnailUrl":"https:\/\/www.ablshop.it\/wp-content\/uploads\/2022\/02\/img_2D_0018.jpg","datePublished":"2022-02-14T08:44:55+00:00","dateModified":"2022-02-14T08:49:48+00:00","breadcrumb":{"@id":"https:\/\/www.ablshop.it\/de\/produkt\/s5-nelly\/#breadcrumb"},"inLanguage":"de","potentialAction":[{"@type":"ReadAction","target":["https:\/\/www.ablshop.it\/de\/produkt\/s5-nelly\/"]}]},{"@type":"ImageObject","inLanguage":"de","@id":"https:\/\/www.ablshop.it\/de\/produkt\/s5-nelly\/#primaryimage","url":"https:\/\/www.ablshop.it\/wp-content\/uploads\/2022\/02\/img_2D_0018.jpg","contentUrl":"https:\/\/www.ablshop.it\/wp-content\/uploads\/2022\/02\/img_2D_0018.jpg","width":2362,"height":2362},{"@type":"BreadcrumbList","@id":"https:\/\/www.ablshop.it\/de\/produkt\/s5-nelly\/#breadcrumb","itemListElement":[{"@type":"ListItem","position":1,"name":"Home","item":"https:\/\/www.ablshop.it\/de\/?lang=de"},{"@type":"ListItem","position":2,"name":"Shop","item":"https:\/\/www.ablshop.it\/de\/shop-3\/"},{"@type":"ListItem","position":3,"name":"S5.NELLY"}]},{"@type":"WebSite","@id":"https:\/\/www.ablshop.it\/de\/#website","url":"https:\/\/www.ablshop.it\/de\/","name":"ABL Group","description":"","potentialAction":[{"@type":"SearchAction","target":{"@type":"EntryPoint","urlTemplate":"https:\/\/www.ablshop.it\/de\/?s={search_term_string}"},"query-input":{"@type":"PropertyValueSpecification","valueRequired":true,"valueName":"search_term_string"}}],"inLanguage":"de"}]}},"_links":{"self":[{"href":"https:\/\/www.ablshop.it\/de\/wp-json\/wp\/v2\/product\/47359","targetHints":{"allow":["GET"]}}],"collection":[{"href":"https:\/\/www.ablshop.it\/de\/wp-json\/wp\/v2\/product"}],"about":[{"href":"https:\/\/www.ablshop.it\/de\/wp-json\/wp\/v2\/types\/product"}],"wp:featuredmedia":[{"embeddable":true,"href":"https:\/\/www.ablshop.it\/de\/wp-json\/wp\/v2\/media\/47415"}],"wp:attachment":[{"href":"https:\/\/www.ablshop.it\/de\/wp-json\/wp\/v2\/media?parent=47359"}],"wp:term":[{"taxonomy":"product_brand","embeddable":true,"href":"https:\/\/www.ablshop.it\/de\/wp-json\/wp\/v2\/product_brand?post=47359"},{"taxonomy":"product_cat","embeddable":true,"href":"https:\/\/www.ablshop.it\/de\/wp-json\/wp\/v2\/product_cat?post=47359"},{"taxonomy":"product_tag","embeddable":true,"href":"https:\/\/www.ablshop.it\/de\/wp-json\/wp\/v2\/product_tag?post=47359"}],"curies":[{"name":"wp","href":"https:\/\/api.w.org\/{rel}","templated":true}]}}