{"id":36399,"date":"2021-07-27T14:14:46","date_gmt":"2021-07-27T12:14:46","guid":{"rendered":"https:\/\/www.ablshop.it\/pagamenti\/"},"modified":"2022-01-18T11:24:50","modified_gmt":"2022-01-18T10:24:50","slug":"pagamenti","status":"publish","type":"page","link":"https:\/\/www.ablshop.it\/de\/pagamenti\/","title":{"rendered":"Zahlungen"},"content":{"rendered":"\n<p><strong>Zahlungen<\/strong><\/p>\n<p>Unsere Website ist durch ein sicheres SSL-Zertifikat f\u00fcr sichere Zahlungen gesch\u00fctzt<\/p>\n<p>Akzeptierte Zahlungsmethoden sind:<\/p>\n<ul>\n<li>PayPal<\/li>\n<li>Kreditkarte (Visa, Mastercard)<\/li>\n<li>Bank\u00fcberweisung: Die Zahlung hat nach Auftragsbest\u00e4tigung zu erfolgen und wird erst bei Buchung des Girokontos bearbeitet. Die Bankverbindung f\u00fcr die \u00dcberweisung lautet: IBAN: IT 67 N 0306936211074000088360, INTESA SANPAOLO, NOALE<\/li>\n<li>Bei Nachnahme fallen Kosten in H\u00f6he von 8 Euro zu Lasten des Kunden an, die Zahlung erfolgt bei Lieferung der Ware.<\/li>\n<\/ul>\n<p>\u00a0<\/p>\n<p><em>Hinweis:<\/em><\/p>\n<ul>\n<li>Bei Zahlung per Nachnahme in bar erhalten Sie 3% Skonto<\/li>\n<li>Die Ware wird versendet, sobald die Zahlung in W\u00e4hrung auf den Konten von ABL PELLETTERIE SRL (Banking und Paypal) eingegangen ist.<\/li>\n<li>Zahlungen per Nachnahme erfolgen in bar an den Kurierdienst und nur f\u00fcr Betr\u00e4ge unter \u20ac 1999,00.<\/li>\n<li>Bei Zahlung per Vorkasse per \u00dcberweisung erhalten Sie 5% Skonto.<\/li>\n<\/ul>\n","protected":false},"excerpt":{"rendered":"<p>Zahlungen Unsere Website ist durch ein sicheres SSL-Zertifikat f\u00fcr sichere Zahlungen gesch\u00fctzt Akzeptierte Zahlungsmethoden sind: PayPal Kreditkarte (Visa, Mastercard) Bank\u00fcberweisung: Die Zahlung hat nach Auftragsbest\u00e4tigung zu erfolgen und wird erst bei Buchung des Girokontos bearbeitet. Die Bankverbindung f\u00fcr die \u00dcberweisung lautet: IBAN: IT 67 N 0306936211074000088360, INTESA SANPAOLO, NOALE Bei Nachnahme fallen Kosten in H\u00f6he [&hellip;]<\/p>\n","protected":false},"author":1,"featured_media":0,"parent":0,"menu_order":0,"comment_status":"closed","ping_status":"closed","template":"","meta":{"_acf_changed":false,"footnotes":""},"class_list":["post-36399","page","type-page","status-publish","hentry"],"acf":[],"yoast_head":"<!-- This site is optimized with the Yoast SEO plugin v27.2 - https:\/\/yoast.com\/product\/yoast-seo-wordpress\/ -->\n<title>Zahlungen - ABL Group<\/title>\n<meta name=\"robots\" content=\"index, follow, max-snippet:-1, max-image-preview:large, max-video-preview:-1\" \/>\n<link rel=\"canonical\" href=\"https:\/\/www.ablshop.it\/de\/pagamenti\/\" \/>\n<meta property=\"og:locale\" content=\"de_DE\" \/>\n<meta property=\"og:type\" content=\"article\" \/>\n<meta property=\"og:title\" content=\"Zahlungen - ABL Group\" \/>\n<meta property=\"og:description\" content=\"Zahlungen Unsere Website ist durch ein sicheres SSL-Zertifikat f\u00fcr sichere Zahlungen gesch\u00fctzt Akzeptierte Zahlungsmethoden sind: PayPal Kreditkarte (Visa, Mastercard) Bank\u00fcberweisung: Die Zahlung hat nach Auftragsbest\u00e4tigung zu erfolgen und wird erst bei Buchung des Girokontos bearbeitet. Die Bankverbindung f\u00fcr die \u00dcberweisung lautet: IBAN: IT 67 N 0306936211074000088360, INTESA SANPAOLO, NOALE Bei Nachnahme fallen Kosten in H\u00f6he [&hellip;]\" \/>\n<meta property=\"og:url\" content=\"https:\/\/www.ablshop.it\/de\/pagamenti\/\" \/>\n<meta property=\"og:site_name\" content=\"ABL Group\" \/>\n<meta property=\"article:modified_time\" content=\"2022-01-18T10:24:50+00:00\" \/>\n<meta name=\"twitter:card\" content=\"summary_large_image\" \/>\n<meta name=\"twitter:label1\" content=\"Gesch\u00e4tzte Lesezeit\" \/>\n\t<meta name=\"twitter:data1\" content=\"1\u00a0Minute\" \/>\n<script type=\"application\/ld+json\" class=\"yoast-schema-graph\">{\"@context\":\"https:\/\/schema.org\",\"@graph\":[{\"@type\":\"WebPage\",\"@id\":\"https:\/\/www.ablshop.it\/de\/pagamenti\/\",\"url\":\"https:\/\/www.ablshop.it\/de\/pagamenti\/\",\"name\":\"Zahlungen - ABL Group\",\"isPartOf\":{\"@id\":\"https:\/\/www.ablshop.it\/de\/#website\"},\"datePublished\":\"2021-07-27T12:14:46+00:00\",\"dateModified\":\"2022-01-18T10:24:50+00:00\",\"breadcrumb\":{\"@id\":\"https:\/\/www.ablshop.it\/de\/pagamenti\/#breadcrumb\"},\"inLanguage\":\"de\",\"potentialAction\":[{\"@type\":\"ReadAction\",\"target\":[\"https:\/\/www.ablshop.it\/de\/pagamenti\/\"]}]},{\"@type\":\"BreadcrumbList\",\"@id\":\"https:\/\/www.ablshop.it\/de\/pagamenti\/#breadcrumb\",\"itemListElement\":[{\"@type\":\"ListItem\",\"position\":1,\"name\":\"Home\",\"item\":\"https:\/\/www.ablshop.it\/de\/?lang=de\"},{\"@type\":\"ListItem\",\"position\":2,\"name\":\"Zahlungen\"}]},{\"@type\":\"WebSite\",\"@id\":\"https:\/\/www.ablshop.it\/de\/#website\",\"url\":\"https:\/\/www.ablshop.it\/de\/\",\"name\":\"ABL Group\",\"description\":\"\",\"potentialAction\":[{\"@type\":\"SearchAction\",\"target\":{\"@type\":\"EntryPoint\",\"urlTemplate\":\"https:\/\/www.ablshop.it\/de\/?s={search_term_string}\"},\"query-input\":{\"@type\":\"PropertyValueSpecification\",\"valueRequired\":true,\"valueName\":\"search_term_string\"}}],\"inLanguage\":\"de\"}]}<\/script>\n<!-- \/ Yoast SEO plugin. -->","yoast_head_json":{"title":"Zahlungen - ABL Group","robots":{"index":"index","follow":"follow","max-snippet":"max-snippet:-1","max-image-preview":"max-image-preview:large","max-video-preview":"max-video-preview:-1"},"canonical":"https:\/\/www.ablshop.it\/de\/pagamenti\/","og_locale":"de_DE","og_type":"article","og_title":"Zahlungen - ABL Group","og_description":"Zahlungen Unsere Website ist durch ein sicheres SSL-Zertifikat f\u00fcr sichere Zahlungen gesch\u00fctzt Akzeptierte Zahlungsmethoden sind: PayPal Kreditkarte (Visa, Mastercard) Bank\u00fcberweisung: Die Zahlung hat nach Auftragsbest\u00e4tigung zu erfolgen und wird erst bei Buchung des Girokontos bearbeitet. Die Bankverbindung f\u00fcr die \u00dcberweisung lautet: IBAN: IT 67 N 0306936211074000088360, INTESA SANPAOLO, NOALE Bei Nachnahme fallen Kosten in H\u00f6he [&hellip;]","og_url":"https:\/\/www.ablshop.it\/de\/pagamenti\/","og_site_name":"ABL Group","article_modified_time":"2022-01-18T10:24:50+00:00","twitter_card":"summary_large_image","twitter_misc":{"Gesch\u00e4tzte Lesezeit":"1\u00a0Minute"},"schema":{"@context":"https:\/\/schema.org","@graph":[{"@type":"WebPage","@id":"https:\/\/www.ablshop.it\/de\/pagamenti\/","url":"https:\/\/www.ablshop.it\/de\/pagamenti\/","name":"Zahlungen - ABL Group","isPartOf":{"@id":"https:\/\/www.ablshop.it\/de\/#website"},"datePublished":"2021-07-27T12:14:46+00:00","dateModified":"2022-01-18T10:24:50+00:00","breadcrumb":{"@id":"https:\/\/www.ablshop.it\/de\/pagamenti\/#breadcrumb"},"inLanguage":"de","potentialAction":[{"@type":"ReadAction","target":["https:\/\/www.ablshop.it\/de\/pagamenti\/"]}]},{"@type":"BreadcrumbList","@id":"https:\/\/www.ablshop.it\/de\/pagamenti\/#breadcrumb","itemListElement":[{"@type":"ListItem","position":1,"name":"Home","item":"https:\/\/www.ablshop.it\/de\/?lang=de"},{"@type":"ListItem","position":2,"name":"Zahlungen"}]},{"@type":"WebSite","@id":"https:\/\/www.ablshop.it\/de\/#website","url":"https:\/\/www.ablshop.it\/de\/","name":"ABL Group","description":"","potentialAction":[{"@type":"SearchAction","target":{"@type":"EntryPoint","urlTemplate":"https:\/\/www.ablshop.it\/de\/?s={search_term_string}"},"query-input":{"@type":"PropertyValueSpecification","valueRequired":true,"valueName":"search_term_string"}}],"inLanguage":"de"}]}},"_links":{"self":[{"href":"https:\/\/www.ablshop.it\/de\/wp-json\/wp\/v2\/pages\/36399","targetHints":{"allow":["GET"]}}],"collection":[{"href":"https:\/\/www.ablshop.it\/de\/wp-json\/wp\/v2\/pages"}],"about":[{"href":"https:\/\/www.ablshop.it\/de\/wp-json\/wp\/v2\/types\/page"}],"author":[{"embeddable":true,"href":"https:\/\/www.ablshop.it\/de\/wp-json\/wp\/v2\/users\/1"}],"replies":[{"embeddable":true,"href":"https:\/\/www.ablshop.it\/de\/wp-json\/wp\/v2\/comments?post=36399"}],"version-history":[{"count":4,"href":"https:\/\/www.ablshop.it\/de\/wp-json\/wp\/v2\/pages\/36399\/revisions"}],"predecessor-version":[{"id":36407,"href":"https:\/\/www.ablshop.it\/de\/wp-json\/wp\/v2\/pages\/36399\/revisions\/36407"}],"wp:attachment":[{"href":"https:\/\/www.ablshop.it\/de\/wp-json\/wp\/v2\/media?parent=36399"}],"curies":[{"name":"wp","href":"https:\/\/api.w.org\/{rel}","templated":true}]}}