{"id":36388,"date":"2021-05-28T14:50:53","date_gmt":"2021-05-28T12:50:53","guid":{"rendered":"https:\/\/www.ablshop.it\/chi-siamo\/"},"modified":"2022-01-19T11:10:29","modified_gmt":"2022-01-19T10:10:29","slug":"chi-siamo","status":"publish","type":"page","link":"https:\/\/www.ablshop.it\/de\/chi-siamo\/","title":{"rendered":"\u00dcber uns"},"content":{"rendered":"\t\t<div data-elementor-type=\"wp-page\" data-elementor-id=\"36388\" class=\"elementor elementor-36388 elementor-30729\">\n\t\t\t\t\t\t<section class=\"elementor-section elementor-top-section elementor-element elementor-element-bfd47b1 elementor-section-boxed elementor-section-height-default elementor-section-height-default\" data-id=\"bfd47b1\" data-element_type=\"section\" data-e-type=\"section\">\n\t\t\t\t\t\t<div class=\"elementor-container elementor-column-gap-default\">\n\t\t\t\t\t<div class=\"elementor-column elementor-col-100 elementor-top-column elementor-element elementor-element-5c50cf4\" data-id=\"5c50cf4\" data-element_type=\"column\" data-e-type=\"column\">\n\t\t\t<div class=\"elementor-widget-wrap elementor-element-populated\">\n\t\t\t\t\t\t<div class=\"elementor-element elementor-element-5374c76 elementor-widget elementor-widget-text-editor\" data-id=\"5374c76\" data-element_type=\"widget\" data-e-type=\"widget\" data-widget_type=\"text-editor.default\">\n\t\t\t\t<div class=\"elementor-widget-container\">\n\t\t\t\t\t\t\t\t\t<p class=\"Corpo\">ABL Pelletterie ist ein Produktions- und Vertriebsunternehmen von Leder- und Kunstlederaccessoires, das seine Erfolgsgeschichte darauf gr\u00fcndet, Handelsbeziehungen aufzubauen, die auf Wertsch\u00e4tzung, Zusammenarbeit und gegenseitigem Vertrauen basieren.<\/p><p class=\"Corpo\">Stets auf die Wettbewerbsf\u00e4higkeit sowohl bei der Aufstockung als auch bei der Preisd\u00e4mpfung bedacht, bedient es sich eines engmaschigen und kompetenten Teams, das Sie vom Einkauf bis zur Lieferung unterst\u00fctzt und ber\u00e4t.<\/p><p class=\"Corpo\">Eine den Kunden gewidmete Beratung f\u00fcr ma\u00dfgeschneiderte Lieferungen, vorbereitete und diskrete telefonische Unterst\u00fctzung, die Organisation schneller und sicherer Lieferungen in die ganze Welt, die st\u00e4ndig aktualisierte und wettbewerbsf\u00e4hige Produktauswahl und ein Vertriebsnetz von spezialisierten Handelsvertreter machen ABL zu einem sicheren und zuverl\u00e4ssigen Partner, der von seinen nationalen und internationalen Kunden immer wieder belohnt wird.<\/p><p class=\"Corpo\">Die st\u00e4ndige Herstellung von Konfektionsartikeln wird als eine unserer St\u00e4rken gesch\u00e4tzt, die schnelle Ausf\u00fchrung mit Liebe zum Detail dank unserer Handwerker, der gute Geschmack, die Mode des Augenblicks immer zu interpretieren dank unserer Stylisten, sowie die Qualit\u00e4t unserer Dienstleistung zur Vorbereitung Ihrer Bestellung dank eines geschulten Teams, machen ABL zu einer sicheren Wahl f\u00fcr alle, die Konkretheit und Qualit\u00e4t bei 360\u00b0 suchen.<\/p><p class=\"Corpo\">ABL Pelletterie ist ein Partner, der sich Ihrer t\u00e4glichen Arbeit verschrieben hat.<\/p>\t\t\t\t\t\t\t\t<\/div>\n\t\t\t\t<\/div>\n\t\t\t\t\t<\/div>\n\t\t<\/div>\n\t\t\t\t\t<\/div>\n\t\t<\/section>\n\t\t\t\t<\/div>\n\t\t","protected":false},"excerpt":{"rendered":"<p>ABL Pelletterie ist ein Produktions- und Vertriebsunternehmen von Leder- und Kunstlederaccessoires, das seine Erfolgsgeschichte darauf gr\u00fcndet, Handelsbeziehungen aufzubauen, die auf Wertsch\u00e4tzung, Zusammenarbeit und gegenseitigem Vertrauen basieren. Stets auf die Wettbewerbsf\u00e4higkeit sowohl bei der Aufstockung als auch bei der Preisd\u00e4mpfung bedacht, bedient es sich eines engmaschigen und kompetenten Teams, das Sie vom Einkauf bis zur Lieferung [&hellip;]<\/p>\n","protected":false},"author":1,"featured_media":0,"parent":0,"menu_order":0,"comment_status":"closed","ping_status":"closed","template":"","meta":{"_acf_changed":false,"footnotes":""},"class_list":["post-36388","page","type-page","status-publish","hentry"],"acf":[],"yoast_head":"<!-- This site is optimized with the Yoast SEO plugin v27.2 - https:\/\/yoast.com\/product\/yoast-seo-wordpress\/ -->\n<title>\u00dcber uns - ABL Group<\/title>\n<meta name=\"robots\" content=\"index, follow, max-snippet:-1, max-image-preview:large, max-video-preview:-1\" \/>\n<link rel=\"canonical\" href=\"https:\/\/www.ablshop.it\/de\/chi-siamo\/\" \/>\n<meta property=\"og:locale\" content=\"de_DE\" \/>\n<meta property=\"og:type\" content=\"article\" \/>\n<meta property=\"og:title\" content=\"\u00dcber uns - ABL Group\" \/>\n<meta property=\"og:description\" content=\"ABL Pelletterie ist ein Produktions- und Vertriebsunternehmen von Leder- und Kunstlederaccessoires, das seine Erfolgsgeschichte darauf gr\u00fcndet, Handelsbeziehungen aufzubauen, die auf Wertsch\u00e4tzung, Zusammenarbeit und gegenseitigem Vertrauen basieren. Stets auf die Wettbewerbsf\u00e4higkeit sowohl bei der Aufstockung als auch bei der Preisd\u00e4mpfung bedacht, bedient es sich eines engmaschigen und kompetenten Teams, das Sie vom Einkauf bis zur Lieferung [&hellip;]\" \/>\n<meta property=\"og:url\" content=\"https:\/\/www.ablshop.it\/de\/chi-siamo\/\" \/>\n<meta property=\"og:site_name\" content=\"ABL Group\" \/>\n<meta property=\"article:modified_time\" content=\"2022-01-19T10:10:29+00:00\" \/>\n<meta name=\"twitter:card\" content=\"summary_large_image\" \/>\n<meta name=\"twitter:label1\" content=\"Gesch\u00e4tzte Lesezeit\" \/>\n\t<meta name=\"twitter:data1\" content=\"2\u00a0Minuten\" \/>\n<script type=\"application\/ld+json\" class=\"yoast-schema-graph\">{\"@context\":\"https:\/\/schema.org\",\"@graph\":[{\"@type\":\"WebPage\",\"@id\":\"https:\/\/www.ablshop.it\/de\/chi-siamo\/\",\"url\":\"https:\/\/www.ablshop.it\/de\/chi-siamo\/\",\"name\":\"\u00dcber uns - ABL Group\",\"isPartOf\":{\"@id\":\"https:\/\/www.ablshop.it\/de\/#website\"},\"datePublished\":\"2021-05-28T12:50:53+00:00\",\"dateModified\":\"2022-01-19T10:10:29+00:00\",\"breadcrumb\":{\"@id\":\"https:\/\/www.ablshop.it\/de\/chi-siamo\/#breadcrumb\"},\"inLanguage\":\"de\",\"potentialAction\":[{\"@type\":\"ReadAction\",\"target\":[\"https:\/\/www.ablshop.it\/de\/chi-siamo\/\"]}]},{\"@type\":\"BreadcrumbList\",\"@id\":\"https:\/\/www.ablshop.it\/de\/chi-siamo\/#breadcrumb\",\"itemListElement\":[{\"@type\":\"ListItem\",\"position\":1,\"name\":\"Home\",\"item\":\"https:\/\/www.ablshop.it\/de\/?lang=de\"},{\"@type\":\"ListItem\",\"position\":2,\"name\":\"\u00dcber uns\"}]},{\"@type\":\"WebSite\",\"@id\":\"https:\/\/www.ablshop.it\/de\/#website\",\"url\":\"https:\/\/www.ablshop.it\/de\/\",\"name\":\"ABL Group\",\"description\":\"\",\"potentialAction\":[{\"@type\":\"SearchAction\",\"target\":{\"@type\":\"EntryPoint\",\"urlTemplate\":\"https:\/\/www.ablshop.it\/de\/?s={search_term_string}\"},\"query-input\":{\"@type\":\"PropertyValueSpecification\",\"valueRequired\":true,\"valueName\":\"search_term_string\"}}],\"inLanguage\":\"de\"}]}<\/script>\n<!-- \/ Yoast SEO plugin. -->","yoast_head_json":{"title":"\u00dcber uns - ABL Group","robots":{"index":"index","follow":"follow","max-snippet":"max-snippet:-1","max-image-preview":"max-image-preview:large","max-video-preview":"max-video-preview:-1"},"canonical":"https:\/\/www.ablshop.it\/de\/chi-siamo\/","og_locale":"de_DE","og_type":"article","og_title":"\u00dcber uns - ABL Group","og_description":"ABL Pelletterie ist ein Produktions- und Vertriebsunternehmen von Leder- und Kunstlederaccessoires, das seine Erfolgsgeschichte darauf gr\u00fcndet, Handelsbeziehungen aufzubauen, die auf Wertsch\u00e4tzung, Zusammenarbeit und gegenseitigem Vertrauen basieren. Stets auf die Wettbewerbsf\u00e4higkeit sowohl bei der Aufstockung als auch bei der Preisd\u00e4mpfung bedacht, bedient es sich eines engmaschigen und kompetenten Teams, das Sie vom Einkauf bis zur Lieferung [&hellip;]","og_url":"https:\/\/www.ablshop.it\/de\/chi-siamo\/","og_site_name":"ABL Group","article_modified_time":"2022-01-19T10:10:29+00:00","twitter_card":"summary_large_image","twitter_misc":{"Gesch\u00e4tzte Lesezeit":"2\u00a0Minuten"},"schema":{"@context":"https:\/\/schema.org","@graph":[{"@type":"WebPage","@id":"https:\/\/www.ablshop.it\/de\/chi-siamo\/","url":"https:\/\/www.ablshop.it\/de\/chi-siamo\/","name":"\u00dcber uns - ABL Group","isPartOf":{"@id":"https:\/\/www.ablshop.it\/de\/#website"},"datePublished":"2021-05-28T12:50:53+00:00","dateModified":"2022-01-19T10:10:29+00:00","breadcrumb":{"@id":"https:\/\/www.ablshop.it\/de\/chi-siamo\/#breadcrumb"},"inLanguage":"de","potentialAction":[{"@type":"ReadAction","target":["https:\/\/www.ablshop.it\/de\/chi-siamo\/"]}]},{"@type":"BreadcrumbList","@id":"https:\/\/www.ablshop.it\/de\/chi-siamo\/#breadcrumb","itemListElement":[{"@type":"ListItem","position":1,"name":"Home","item":"https:\/\/www.ablshop.it\/de\/?lang=de"},{"@type":"ListItem","position":2,"name":"\u00dcber uns"}]},{"@type":"WebSite","@id":"https:\/\/www.ablshop.it\/de\/#website","url":"https:\/\/www.ablshop.it\/de\/","name":"ABL Group","description":"","potentialAction":[{"@type":"SearchAction","target":{"@type":"EntryPoint","urlTemplate":"https:\/\/www.ablshop.it\/de\/?s={search_term_string}"},"query-input":{"@type":"PropertyValueSpecification","valueRequired":true,"valueName":"search_term_string"}}],"inLanguage":"de"}]}},"_links":{"self":[{"href":"https:\/\/www.ablshop.it\/de\/wp-json\/wp\/v2\/pages\/36388","targetHints":{"allow":["GET"]}}],"collection":[{"href":"https:\/\/www.ablshop.it\/de\/wp-json\/wp\/v2\/pages"}],"about":[{"href":"https:\/\/www.ablshop.it\/de\/wp-json\/wp\/v2\/types\/page"}],"author":[{"embeddable":true,"href":"https:\/\/www.ablshop.it\/de\/wp-json\/wp\/v2\/users\/1"}],"replies":[{"embeddable":true,"href":"https:\/\/www.ablshop.it\/de\/wp-json\/wp\/v2\/comments?post=36388"}],"version-history":[{"count":4,"href":"https:\/\/www.ablshop.it\/de\/wp-json\/wp\/v2\/pages\/36388\/revisions"}],"predecessor-version":[{"id":36395,"href":"https:\/\/www.ablshop.it\/de\/wp-json\/wp\/v2\/pages\/36388\/revisions\/36395"}],"wp:attachment":[{"href":"https:\/\/www.ablshop.it\/de\/wp-json\/wp\/v2\/media?parent=36388"}],"curies":[{"name":"wp","href":"https:\/\/api.w.org\/{rel}","templated":true}]}}